{"id":283,"date":"2013-12-16T22:13:04","date_gmt":"2013-12-16T20:13:04","guid":{"rendered":"http:\/\/ff-waldbach.at\/wordpress\/?page_id=283"},"modified":"2025-02-18T11:40:00","modified_gmt":"2025-02-18T09:40:00","slug":"jugend","status":"publish","type":"page","link":"https:\/\/ff-waldbach.at\/wordpress\/?page_id=283","title":{"rendered":"Feuerwehrjugend"},"content":{"rendered":"<p style=\"text-align: center;\"><strong><img loading=\"lazy\" decoding=\"async\" src=\"https:\/\/ff-waldbach.at\/wordpress\/wp-content\/uploads\/2014\/01\/Jugendluchs-259x300.jpg\" alt=\"Jugendluchs\" width=\"94\" height=\"82\" \/>\u00a0\u00a0\u00a0\u00a0\u00a0\u00a0\u00a0\u00a0Ein starkes St\u00fcck Freizeit<\/strong><\/p>\n<ul>\n<li>Du bist zwischen 10 und 16 Jahre alt?<\/li>\n<li>Du wohnst in Waldbach?<\/li>\n<li>Du suchst eine sinnvolle Freizeitbesch\u00e4ftigung?<\/li>\n<li>Du m\u00f6chtest an Wettbewerben teilnehmen?<\/li>\n<li>Du hilfst gerne Mitmenschen?<\/li>\n<li>Du willst neue Freunde kennenlernen?<\/li>\n<\/ul>\n<p>wenn einige Punkte auf dich zutreffen (Bub oder M\u00e4dchen), dann bist du herzlich eingeladen, mit uns Kontakt aufzunehmen! Melde dich bei HBI Michaela Gaugl<br \/>\n0664\/88 53 80 10.<\/p>\n<p><strong>Wir freuen uns auf dich!<\/strong><\/p>\n<p>Die Kosten f\u00fcr die Uniformen und die Ausbildung werden von der Feuerwehr finanziert.<\/p>\n<p><strong><em>Was mich dort erwartet.<\/em><\/strong><\/p>\n<ul>\n<li>Bei uns stehen Kameradschaft, Teamgeist, Spiel und Spa\u00df im Vordergrund.<\/li>\n<li>Es werden T\u00e4tigkeiten des Feuerwehralltages erlernt (z.B. Ger\u00e4tekunde, Erste Hilfe, verschiedene Knoten, Brandbek\u00e4mpfung und Verhalten in Notf\u00e4llen usw.)<\/li>\n<li>Es k\u00f6nnen verschiedene Abzeichen erworben werden.<\/li>\n<li>Bezirks,- Landeszeltlager<\/li>\n<li>Schi- und Snowboard-Bewerb am Kreischberg<\/li>\n<li>Ausfl\u00fcge<\/li>\n<\/ul>\n","protected":false},"excerpt":{"rendered":"<p>\u00a0\u00a0\u00a0\u00a0\u00a0\u00a0\u00a0\u00a0Ein starkes St\u00fcck Freizeit Du bist zwischen 10 und 16 Jahre alt? Du wohnst in Waldbach? Du suchst eine sinnvolle [&hellip;]<\/p>\n","protected":false},"author":1,"featured_media":0,"parent":0,"menu_order":0,"comment_status":"closed","ping_status":"closed","template":"","meta":{"_coblocks_attr":"","_coblocks_dimensions":"","_coblocks_responsive_height":"","_coblocks_accordion_ie_support":"","footnotes":""},"class_list":["post-283","page","type-page","status-publish","hentry","post"],"_links":{"self":[{"href":"https:\/\/ff-waldbach.at\/wordpress\/index.php?rest_route=\/wp\/v2\/pages\/283","targetHints":{"allow":["GET"]}}],"collection":[{"href":"https:\/\/ff-waldbach.at\/wordpress\/index.php?rest_route=\/wp\/v2\/pages"}],"about":[{"href":"https:\/\/ff-waldbach.at\/wordpress\/index.php?rest_route=\/wp\/v2\/types\/page"}],"author":[{"embeddable":true,"href":"https:\/\/ff-waldbach.at\/wordpress\/index.php?rest_route=\/wp\/v2\/users\/1"}],"replies":[{"embeddable":true,"href":"https:\/\/ff-waldbach.at\/wordpress\/index.php?rest_route=%2Fwp%2Fv2%2Fcomments&post=283"}],"version-history":[{"count":11,"href":"https:\/\/ff-waldbach.at\/wordpress\/index.php?rest_route=\/wp\/v2\/pages\/283\/revisions"}],"predecessor-version":[{"id":3890,"href":"https:\/\/ff-waldbach.at\/wordpress\/index.php?rest_route=\/wp\/v2\/pages\/283\/revisions\/3890"}],"wp:attachment":[{"href":"https:\/\/ff-waldbach.at\/wordpress\/index.php?rest_route=%2Fwp%2Fv2%2Fmedia&parent=283"}],"curies":[{"name":"wp","href":"https:\/\/api.w.org\/{rel}","templated":true}]}}