{"id":3675,"date":"2024-03-25T20:59:41","date_gmt":"2024-03-25T18:59:41","guid":{"rendered":"http:\/\/ff-waldbach.at\/wordpress\/?page_id=3675"},"modified":"2024-03-28T09:29:41","modified_gmt":"2024-03-28T07:29:41","slug":"chronik-der-wettkampfgruppe","status":"publish","type":"page","link":"https:\/\/ff-waldbach.at\/wordpress\/?page_id=3675","title":{"rendered":"Chronik der Wettkampfgruppe"},"content":{"rendered":"\n<div class=\"wp-block-media-text is-stacked-on-mobile coblocks-animate\" data-coblocks-animation=\"slideInLeft\"><figure class=\"wp-block-media-text__media\"><img loading=\"lazy\" decoding=\"async\" width=\"800\" height=\"533\" src=\"https:\/\/ff-waldbach.at\/wordpress\/wp-content\/uploads\/2013\/11\/wkg-13.jpg\" alt=\"\" class=\"wp-image-174 size-full\" srcset=\"https:\/\/ff-waldbach.at\/wordpress\/wp-content\/uploads\/2013\/11\/wkg-13.jpg 800w, https:\/\/ff-waldbach.at\/wordpress\/wp-content\/uploads\/2013\/11\/wkg-13-300x199.jpg 300w, https:\/\/ff-waldbach.at\/wordpress\/wp-content\/uploads\/2013\/11\/wkg-13-450x300.jpg 450w\" sizes=\"auto, (max-width: 800px) 100vw, 800px\" \/><\/figure><div class=\"wp-block-media-text__content\">\n<p>Wettkampfgruppe vor 1965<\/p>\n<\/div><\/div>\n\n\n\n<div class=\"wp-block-media-text has-media-on-the-right is-stacked-on-mobile coblocks-animate\" style=\"grid-template-columns:auto 45%\" data-coblocks-animation=\"slideInRight\"><div class=\"wp-block-media-text__content\">\n<p>1965 Gr\u00fcndung der Wettkampfgruppe.<br>Erster Landesleistungsbewerb durchgef\u00fchrt in Hartberg. <br>10. Platz in Bronze B<\/p>\n<\/div><figure class=\"wp-block-media-text__media\"><img loading=\"lazy\" decoding=\"async\" width=\"800\" height=\"538\" src=\"https:\/\/ff-waldbach.at\/wordpress\/wp-content\/uploads\/2013\/11\/Wettk_11.jpg\" alt=\"\" class=\"wp-image-185 size-full\" srcset=\"https:\/\/ff-waldbach.at\/wordpress\/wp-content\/uploads\/2013\/11\/Wettk_11.jpg 800w, https:\/\/ff-waldbach.at\/wordpress\/wp-content\/uploads\/2013\/11\/Wettk_11-300x201.jpg 300w, https:\/\/ff-waldbach.at\/wordpress\/wp-content\/uploads\/2013\/11\/Wettk_11-446x300.jpg 446w\" sizes=\"auto, (max-width: 800px) 100vw, 800px\" \/><\/figure><\/div>\n\n\n\n<p class=\"coblocks-animate\" data-coblocks-animation=\"slideInLeft\">1968 3. Platz in Silber B Landesleistungsbewerb in Leoben.<\/p>\n\n\n\n<div class=\"wp-block-media-text is-stacked-on-mobile coblocks-animate\" data-coblocks-animation=\"slideInLeft\"><figure class=\"wp-block-media-text__media\"><img loading=\"lazy\" decoding=\"async\" width=\"800\" height=\"532\" src=\"https:\/\/ff-waldbach.at\/wordpress\/wp-content\/uploads\/2013\/11\/wk_24.jpg\" alt=\"\" class=\"wp-image-186 size-full\" srcset=\"https:\/\/ff-waldbach.at\/wordpress\/wp-content\/uploads\/2013\/11\/wk_24.jpg 800w, https:\/\/ff-waldbach.at\/wordpress\/wp-content\/uploads\/2013\/11\/wk_24-300x199.jpg 300w, https:\/\/ff-waldbach.at\/wordpress\/wp-content\/uploads\/2013\/11\/wk_24-451x300.jpg 451w\" sizes=\"auto, (max-width: 800px) 100vw, 800px\" \/><\/figure><div class=\"wp-block-media-text__content\">\n<p>1969 Erster von vier Bezirksleistungsbewerben in Waldbach.<\/p>\n<\/div><\/div>\n\n\n\n<p class=\"coblocks-animate\" data-coblocks-animation=\"slideInLeft\"><br><\/p>\n\n\n\n<div class=\"wp-block-media-text has-media-on-the-right is-stacked-on-mobile coblocks-animate\" data-coblocks-animation=\"slideInRight\"><div class=\"wp-block-media-text__content\">\n<p><\/p>\n<\/div><figure class=\"wp-block-media-text__media\"><img loading=\"lazy\" decoding=\"async\" width=\"800\" height=\"532\" src=\"https:\/\/ff-waldbach.at\/wordpress\/wp-content\/uploads\/2013\/11\/wk_28.jpg\" alt=\"\" class=\"wp-image-187 size-full\" srcset=\"https:\/\/ff-waldbach.at\/wordpress\/wp-content\/uploads\/2013\/11\/wk_28.jpg 800w, https:\/\/ff-waldbach.at\/wordpress\/wp-content\/uploads\/2013\/11\/wk_28-300x199.jpg 300w, https:\/\/ff-waldbach.at\/wordpress\/wp-content\/uploads\/2013\/11\/wk_28-451x300.jpg 451w\" sizes=\"auto, (max-width: 800px) 100vw, 800px\" \/><\/figure><\/div>\n\n\n\n<p class=\"coblocks-animate\" data-coblocks-animation=\"slideInLeft\">1971 Erster ausl\u00e4ndischer Bewerb, Leistungsabzeichen Bronze und Silber von&nbsp;Slowenien in&nbsp;Marburg erhalten.<br><\/p>\n\n\n\n<div class=\"wp-block-media-text is-stacked-on-mobile coblocks-animate\" data-coblocks-animation=\"slideInRight\"><figure class=\"wp-block-media-text__media\"><img loading=\"lazy\" decoding=\"async\" width=\"800\" height=\"532\" src=\"https:\/\/ff-waldbach.at\/wordpress\/wp-content\/uploads\/2013\/11\/FW_007.jpg\" alt=\"\" class=\"wp-image-180 size-full\" srcset=\"https:\/\/ff-waldbach.at\/wordpress\/wp-content\/uploads\/2013\/11\/FW_007.jpg 800w, https:\/\/ff-waldbach.at\/wordpress\/wp-content\/uploads\/2013\/11\/FW_007-300x199.jpg 300w, https:\/\/ff-waldbach.at\/wordpress\/wp-content\/uploads\/2013\/11\/FW_007-451x300.jpg 451w\" sizes=\"auto, (max-width: 800px) 100vw, 800px\" \/><\/figure><div class=\"wp-block-media-text__content\">\n<p>Landesbewerb in Pinkafeld.<\/p>\n<\/div><\/div>\n\n\n\n<p class=\"coblocks-animate\" data-coblocks-animation=\"slideInLeft\">1972&nbsp;<strong>1. Landessieg<\/strong>&nbsp;beim Landesbewerb in Weiz in Silber B&nbsp; &nbsp;3. Platz Bronze B.<\/p>\n\n\n\n<p class=\"coblocks-animate\" data-coblocks-animation=\"slideInRight\">1974&nbsp;<strong>Landessieger<\/strong>&nbsp;beim Landesbewerb in Bad Mitterndorf in Silber B.<br><br><br><\/p>\n\n\n\n<div class=\"wp-block-media-text has-media-on-the-right is-stacked-on-mobile coblocks-animate\" data-coblocks-animation=\"slideInLeft\"><div class=\"wp-block-media-text__content\">\n<p><\/p>\n<\/div><figure class=\"wp-block-media-text__media\"><img loading=\"lazy\" decoding=\"async\" width=\"800\" height=\"532\" src=\"https:\/\/ff-waldbach.at\/wordpress\/wp-content\/uploads\/2013\/11\/FW_016.jpg\" alt=\"\" class=\"wp-image-181 size-full\" srcset=\"https:\/\/ff-waldbach.at\/wordpress\/wp-content\/uploads\/2013\/11\/FW_016.jpg 800w, https:\/\/ff-waldbach.at\/wordpress\/wp-content\/uploads\/2013\/11\/FW_016-300x199.jpg 300w, https:\/\/ff-waldbach.at\/wordpress\/wp-content\/uploads\/2013\/11\/FW_016-451x300.jpg 451w\" sizes=\"auto, (max-width: 800px) 100vw, 800px\" \/><\/figure><\/div>\n\n\n\n<p class=\"coblocks-animate\" data-coblocks-animation=\"slideInRight\"><br><br>1975&nbsp;<strong>Landessieger<\/strong>&nbsp;beim Landesbewerb in Graz in Silber B&nbsp;&nbsp; 3. Platz Bronze B.<\/p>\n\n\n\n<p class=\"coblocks-animate\" data-coblocks-animation=\"slideInLeft\">1976 Beim Landesbewerb in Feldbach konnte sowohl in Bronze&nbsp;als auch in Silber B jeweils der dritte Platz erreicht werden.<br><br><br><\/p>\n\n\n\n<p class=\"coblocks-animate\" data-coblocks-animation=\"slideInRight\">Teilnahme beim S\u00fcdtiroler Landesleistungsbewerb in Tramin, das Leistungsabzeichen f\u00fcr S\u00fcdtirol in Bronze und Silber mit Erfolg erhalten.<br><br><br><\/p>\n\n\n\n<p class=\"coblocks-animate\" data-coblocks-animation=\"slideInLeft\">1977&nbsp;<strong>Landessieger<\/strong>&nbsp;beim Landesbewerb in Krieglach in Siber B&nbsp;&nbsp; 3. Platz in Bronze B.<\/p>\n\n\n\n<p class=\"coblocks-animate\" data-coblocks-animation=\"slideInRight\">1978&nbsp;<strong>3. Platz beim Bundesleistungsbewerb in Wr. Neustadt im Bewerb Bronze B.<\/strong><br><br><br><\/p>\n\n\n\n<p class=\"coblocks-animate\" style=\"font-size:24px\" data-coblocks-animation=\"slideInLeft\"><strong>1980&nbsp;Landessieger&nbsp;beim Landesbewerb in Deutschlandsberg in Bronze B und damit f\u00fcr die Feuerwehrolympiade in B\u00f6blingen BRD qualifiziert.<\/strong><\/p>\n\n\n\n<figure class=\"wp-block-image size-full coblocks-animate\" data-coblocks-animation=\"zoomIn\"><a href=\"https:\/\/ff-waldbach.at\/wordpress\/wp-content\/uploads\/2013\/11\/BRD.jpg\"><img loading=\"lazy\" decoding=\"async\" width=\"800\" height=\"533\" src=\"https:\/\/ff-waldbach.at\/wordpress\/wp-content\/uploads\/2013\/11\/BRD.jpg\" alt=\"\" class=\"wp-image-176\" srcset=\"https:\/\/ff-waldbach.at\/wordpress\/wp-content\/uploads\/2013\/11\/BRD.jpg 800w, https:\/\/ff-waldbach.at\/wordpress\/wp-content\/uploads\/2013\/11\/BRD-300x199.jpg 300w, https:\/\/ff-waldbach.at\/wordpress\/wp-content\/uploads\/2013\/11\/BRD-450x300.jpg 450w\" sizes=\"auto, (max-width: 800px) 100vw, 800px\" \/><\/a><\/figure>\n\n\n\n<p class=\"coblocks-animate\" style=\"font-size:25px\" data-coblocks-animation=\"slideInLeft\">1981&nbsp;<strong>Gr\u00f6\u00dfter Erfolg der Wettkampfgruppe Waldbach war die Goldmedaille bei der&nbsp;&nbsp;Feuerwehrolympiade in B\u00f6blingen BRD.<\/strong><\/p>\n\n\n\n<figure class=\"wp-block-image size-full coblocks-animate\" data-coblocks-animation=\"zoomIn\"><a href=\"https:\/\/ff-waldbach.at\/wordpress\/wp-content\/uploads\/2013\/11\/KTm.jpg\"><img loading=\"lazy\" decoding=\"async\" width=\"800\" height=\"535\" src=\"https:\/\/ff-waldbach.at\/wordpress\/wp-content\/uploads\/2013\/11\/KTm.jpg\" alt=\"\" class=\"wp-image-184\" srcset=\"https:\/\/ff-waldbach.at\/wordpress\/wp-content\/uploads\/2013\/11\/KTm.jpg 800w, https:\/\/ff-waldbach.at\/wordpress\/wp-content\/uploads\/2013\/11\/KTm-300x200.jpg 300w, https:\/\/ff-waldbach.at\/wordpress\/wp-content\/uploads\/2013\/11\/KTm-448x300.jpg 448w\" sizes=\"auto, (max-width: 800px) 100vw, 800px\" \/><\/a><\/figure>\n\n\n\n<p class=\"coblocks-animate\" data-coblocks-animation=\"slideInLeft\">1982 Sieg beim Ober\u00f6sterreichischen Landesleistungsbewerb in Grieskirchen in den Klassen G\u00e4ste Bronze und Silber B.<br>In Bronze B wurde dabei erstmals die <strong>Punkteanzahl von 414 <\/strong>erreichten.<br>In den Jahren 1983 bis 1990 wurde eine neue Gruppe aufgebaut, wobei 4 Mann von der \u201eOlympiamannschaft\u201c den Kern bildeten.<br><br><\/p>\n\n\n\n<div class=\"wp-block-media-text is-stacked-on-mobile coblocks-animate\" data-coblocks-animation=\"slideInRight\"><figure class=\"wp-block-media-text__media\"><img loading=\"lazy\" decoding=\"async\" width=\"800\" height=\"533\" src=\"https:\/\/ff-waldbach.at\/wordpress\/wp-content\/uploads\/2013\/11\/F_04.jpg\" alt=\"\" class=\"wp-image-179 size-full\" srcset=\"https:\/\/ff-waldbach.at\/wordpress\/wp-content\/uploads\/2013\/11\/F_04.jpg 800w, https:\/\/ff-waldbach.at\/wordpress\/wp-content\/uploads\/2013\/11\/F_04-300x199.jpg 300w, https:\/\/ff-waldbach.at\/wordpress\/wp-content\/uploads\/2013\/11\/F_04-450x300.jpg 450w\" sizes=\"auto, (max-width: 800px) 100vw, 800px\" \/><\/figure><div class=\"wp-block-media-text__content\">\n<p><\/p>\n<\/div><\/div>\n\n\n\n<p class=\"coblocks-animate\" data-coblocks-animation=\"slideInRight\"><br><br>1991 3. Platz beim Landesbewerb in Silber B in Leibnitz.<\/p>\n\n\n\n<p class=\"coblocks-animate\" data-coblocks-animation=\"slideInLeft\"><br>Teilnahme am Ober\u00f6sterreichischen Landesbewerb in Sch\u00e4rding. Sieg bei der G\u00e4stewertung in Bronze B\u00a0\u00a0 2. Platz in Silber B.<br><br><br><\/p>\n\n\n\n<p class=\"coblocks-animate\" data-coblocks-animation=\"slideInRight\">1992 2. Platz in Bronze B&nbsp; 3. Platz in Silber B beim Landesbewerb in Stainach.<br><br><br><br><br><\/p>\n\n\n\n<div class=\"wp-block-media-text has-media-on-the-right is-stacked-on-mobile coblocks-animate\" data-coblocks-animation=\"slideInLeft\"><div class=\"wp-block-media-text__content\">\n<p>1993 3. Platz in Bronze B beim Landesbewerb in F\u00fcrstenfeld.<\/p>\n<\/div><figure class=\"wp-block-media-text__media\"><img loading=\"lazy\" decoding=\"async\" width=\"640\" height=\"440\" src=\"https:\/\/ff-waldbach.at\/wordpress\/wp-content\/uploads\/2013\/11\/Unbenannt-66.jpg\" alt=\"\" class=\"wp-image-244 size-full\" srcset=\"https:\/\/ff-waldbach.at\/wordpress\/wp-content\/uploads\/2013\/11\/Unbenannt-66.jpg 640w, https:\/\/ff-waldbach.at\/wordpress\/wp-content\/uploads\/2013\/11\/Unbenannt-66-300x206.jpg 300w, https:\/\/ff-waldbach.at\/wordpress\/wp-content\/uploads\/2013\/11\/Unbenannt-66-436x300.jpg 436w\" sizes=\"auto, (max-width: 640px) 100vw, 640px\" \/><\/figure><\/div>\n\n\n\n<div class=\"wp-block-media-text is-stacked-on-mobile coblocks-animate\" data-coblocks-animation=\"slideInRight\"><figure class=\"wp-block-media-text__media\"><img loading=\"lazy\" decoding=\"async\" width=\"640\" height=\"440\" src=\"https:\/\/ff-waldbach.at\/wordpress\/wp-content\/uploads\/2013\/11\/Unbenannt-8.jpg\" alt=\"\" class=\"wp-image-242 size-full\" srcset=\"https:\/\/ff-waldbach.at\/wordpress\/wp-content\/uploads\/2013\/11\/Unbenannt-8.jpg 640w, https:\/\/ff-waldbach.at\/wordpress\/wp-content\/uploads\/2013\/11\/Unbenannt-8-300x206.jpg 300w, https:\/\/ff-waldbach.at\/wordpress\/wp-content\/uploads\/2013\/11\/Unbenannt-8-436x300.jpg 436w\" sizes=\"auto, (max-width: 640px) 100vw, 640px\" \/><\/figure><div class=\"wp-block-media-text__content\">\n<p><strong>Beim Bundesbewerb in Hallein in Bronze B den 10. Platz belegt.<\/strong><\/p>\n<\/div><\/div>\n\n\n\n<p><br><\/p>\n\n\n\n<p class=\"coblocks-animate\" data-coblocks-animation=\"slideInLeft\">1996 Landesbewerb M\u00fczzuschlag: 2.&nbsp;Platz mit 49,1 sec. fehlerfrei. Den Landesmeistertitel nur um 0,2 sec. verfehlt.<\/p>\n\n\n\n<p class=\"coblocks-animate\" data-coblocks-animation=\"slideInRight\">1997 Beim Bezirksleistungsbewerb in Eichberg konnte die Waldbacher Gruppe eine Angriffszeit von 47,0 sec. &nbsp;fehlerfrei erreichen.<\/p>\n\n\n\n<p class=\"coblocks-animate\" data-coblocks-animation=\"slideInLeft\">3. Platz in Bronze B beim Landesbewerb in Frauental.<br><br><br><\/p>\n\n\n\n<div class=\"wp-block-media-text has-media-on-the-right is-stacked-on-mobile coblocks-animate\" data-coblocks-animation=\"slideInRight\"><div class=\"wp-block-media-text__content\">\n<p>1998<strong>&nbsp;Beste steirische B-Gruppe bei den Bundeswettk\u00e4mpfen in Eisenstadt.<\/strong><\/p>\n<\/div><figure class=\"wp-block-media-text__media\"><img loading=\"lazy\" decoding=\"async\" width=\"640\" height=\"440\" src=\"https:\/\/ff-waldbach.at\/wordpress\/wp-content\/uploads\/2013\/11\/1998-Eisenstadt.jpg\" alt=\"\" class=\"wp-image-236 size-full\" srcset=\"https:\/\/ff-waldbach.at\/wordpress\/wp-content\/uploads\/2013\/11\/1998-Eisenstadt.jpg 640w, https:\/\/ff-waldbach.at\/wordpress\/wp-content\/uploads\/2013\/11\/1998-Eisenstadt-300x206.jpg 300w, https:\/\/ff-waldbach.at\/wordpress\/wp-content\/uploads\/2013\/11\/1998-Eisenstadt-436x300.jpg 436w\" sizes=\"auto, (max-width: 640px) 100vw, 640px\" \/><\/figure><\/div>\n\n\n\n<div class=\"wp-block-media-text is-stacked-on-mobile coblocks-animate\" data-coblocks-animation=\"slideInLeft\"><figure class=\"wp-block-media-text__media\"><img loading=\"lazy\" decoding=\"async\" width=\"800\" height=\"532\" src=\"https:\/\/ff-waldbach.at\/wordpress\/wp-content\/uploads\/2013\/11\/BWK-tirol.jpg\" alt=\"\" class=\"wp-image-178 size-full\" srcset=\"https:\/\/ff-waldbach.at\/wordpress\/wp-content\/uploads\/2013\/11\/BWK-tirol.jpg 800w, https:\/\/ff-waldbach.at\/wordpress\/wp-content\/uploads\/2013\/11\/BWK-tirol-300x199.jpg 300w, https:\/\/ff-waldbach.at\/wordpress\/wp-content\/uploads\/2013\/11\/BWK-tirol-451x300.jpg 451w\" sizes=\"auto, (max-width: 800px) 100vw, 800px\" \/><\/figure><div class=\"wp-block-media-text__content\">\n<p>2003&nbsp;<strong>Zum 4. mal Teilnahme bei den Bundeswettk\u00e4mpfen in Innsbruck in Silber B.&nbsp; 7. Platz, beste Angriffszeit in Silber von 49,0 sec. fehlerfrei.<\/strong><\/p>\n<\/div><\/div>\n\n\n\n<div class=\"wp-block-media-text has-media-on-the-right is-stacked-on-mobile coblocks-animate\" data-coblocks-animation=\"slideInRight\"><div class=\"wp-block-media-text__content\">\n<p>2004 Teilnahme beim S\u00fcdtiroler Landesleistungsbewerb in Stern im Gadertal, das Leistungsabzeichen f\u00fcr S\u00fcdtirol in Bronze und Silber mit Erfolg erhalten.<\/p>\n<\/div><figure class=\"wp-block-media-text__media\"><img loading=\"lazy\" decoding=\"async\" width=\"640\" height=\"480\" src=\"https:\/\/ff-waldbach.at\/wordpress\/wp-content\/uploads\/2013\/11\/Urlaub-002.jpg\" alt=\"\" class=\"wp-image-197 size-full\" srcset=\"https:\/\/ff-waldbach.at\/wordpress\/wp-content\/uploads\/2013\/11\/Urlaub-002.jpg 640w, https:\/\/ff-waldbach.at\/wordpress\/wp-content\/uploads\/2013\/11\/Urlaub-002-300x225.jpg 300w, https:\/\/ff-waldbach.at\/wordpress\/wp-content\/uploads\/2013\/11\/Urlaub-002-400x300.jpg 400w\" sizes=\"auto, (max-width: 640px) 100vw, 640px\" \/><\/figure><\/div>\n\n\n\n<div class=\"wp-block-media-text is-stacked-on-mobile coblocks-animate\" data-coblocks-animation=\"slideInLeft\"><figure class=\"wp-block-media-text__media\"><img loading=\"lazy\" decoding=\"async\" width=\"640\" height=\"480\" src=\"https:\/\/ff-waldbach.at\/wordpress\/wp-content\/uploads\/2013\/11\/S\u00fcdtirol-026.jpg\" alt=\"\" class=\"wp-image-214 size-full\" srcset=\"https:\/\/ff-waldbach.at\/wordpress\/wp-content\/uploads\/2013\/11\/S\u00fcdtirol-026.jpg 640w, https:\/\/ff-waldbach.at\/wordpress\/wp-content\/uploads\/2013\/11\/S\u00fcdtirol-026-300x225.jpg 300w, https:\/\/ff-waldbach.at\/wordpress\/wp-content\/uploads\/2013\/11\/S\u00fcdtirol-026-400x300.jpg 400w\" sizes=\"auto, (max-width: 640px) 100vw, 640px\" \/><\/figure><div class=\"wp-block-media-text__content\">\n<p><\/p>\n<\/div><\/div>\n\n\n\n<div class=\"wp-block-media-text has-media-on-the-right is-stacked-on-mobile coblocks-animate\" data-coblocks-animation=\"slideInRight\"><div class=\"wp-block-media-text__content\">\n<p>2006 Beim Landesbewerb in Vorau wurde mit 39,0 sec. fehlerfrei in Bronze die beste Zeit der Wettkampfgruppe Waldbach&nbsp;erreicht.<\/p>\n<\/div><figure class=\"wp-block-media-text__media\"><img loading=\"lazy\" decoding=\"async\" width=\"800\" height=\"532\" src=\"https:\/\/ff-waldbach.at\/wordpress\/wp-content\/uploads\/2013\/11\/Bild1.jpg\" alt=\"\" class=\"wp-image-175 size-full\" srcset=\"https:\/\/ff-waldbach.at\/wordpress\/wp-content\/uploads\/2013\/11\/Bild1.jpg 800w, https:\/\/ff-waldbach.at\/wordpress\/wp-content\/uploads\/2013\/11\/Bild1-300x199.jpg 300w, https:\/\/ff-waldbach.at\/wordpress\/wp-content\/uploads\/2013\/11\/Bild1-451x300.jpg 451w\" sizes=\"auto, (max-width: 800px) 100vw, 800px\" \/><\/figure><\/div>\n\n\n\n<p class=\"coblocks-animate\" data-coblocks-animation=\"slideInLeft\">Bei den diversen Bezirksleistungsbewerben konnte die Wettkampfgruppe Waldbach \u00fcberwiegend erste und zweite Pl\u00e4tze erringen. Allein bei den Bezirksleistungsbewerben im Heimatbezirk Hartberg wurde die Gruppe&nbsp;20 mal Bezirkssieger.<\/p>\n\n\n\n<p class=\"coblocks-animate\" data-coblocks-animation=\"slideInRight\">Die Wettkampfgruppe hat an 180 Bewerben teilgenommen.<\/p>\n\n\n\n<p class=\"coblocks-animate\" data-coblocks-animation=\"slideInLeft\">Die FF Waldbach hat von&nbsp;50 steirischen Landesbewerben an 43 teilgenommen.<\/p>\n\n\n\n<p class=\"coblocks-animate\" data-coblocks-animation=\"slideInRight\">Dies ist ein kleiner \u00dcberblick von der Arbeit einer Wettkampfgruppe einer kleinen Dorffeuerwehr in einer Gemeinde mit nicht einmal 750 Einwohnern.<br><br>Stand November 2013<\/p>\n","protected":false},"excerpt":{"rendered":"<p>Wettkampfgruppe vor 1965 1965 Gr\u00fcndung der Wettkampfgruppe.Erster Landesleistungsbewerb durchgef\u00fchrt in Hartberg. 10. Platz in Bronze B 1968 3. Platz in [&hellip;]<\/p>\n","protected":false},"author":1,"featured_media":0,"parent":13,"menu_order":0,"comment_status":"closed","ping_status":"closed","template":"","meta":{"_coblocks_attr":"","_coblocks_dimensions":"","_coblocks_responsive_height":"","_coblocks_accordion_ie_support":"","footnotes":""},"class_list":["post-3675","page","type-page","status-publish","hentry","post"],"_links":{"self":[{"href":"https:\/\/ff-waldbach.at\/wordpress\/index.php?rest_route=\/wp\/v2\/pages\/3675","targetHints":{"allow":["GET"]}}],"collection":[{"href":"https:\/\/ff-waldbach.at\/wordpress\/index.php?rest_route=\/wp\/v2\/pages"}],"about":[{"href":"https:\/\/ff-waldbach.at\/wordpress\/index.php?rest_route=\/wp\/v2\/types\/page"}],"author":[{"embeddable":true,"href":"https:\/\/ff-waldbach.at\/wordpress\/index.php?rest_route=\/wp\/v2\/users\/1"}],"replies":[{"embeddable":true,"href":"https:\/\/ff-waldbach.at\/wordpress\/index.php?rest_route=%2Fwp%2Fv2%2Fcomments&post=3675"}],"version-history":[{"count":18,"href":"https:\/\/ff-waldbach.at\/wordpress\/index.php?rest_route=\/wp\/v2\/pages\/3675\/revisions"}],"predecessor-version":[{"id":3704,"href":"https:\/\/ff-waldbach.at\/wordpress\/index.php?rest_route=\/wp\/v2\/pages\/3675\/revisions\/3704"}],"up":[{"embeddable":true,"href":"https:\/\/ff-waldbach.at\/wordpress\/index.php?rest_route=\/wp\/v2\/pages\/13"}],"wp:attachment":[{"href":"https:\/\/ff-waldbach.at\/wordpress\/index.php?rest_route=%2Fwp%2Fv2%2Fmedia&parent=3675"}],"curies":[{"name":"wp","href":"https:\/\/api.w.org\/{rel}","templated":true}]}}