{"id":3819,"date":"2024-11-23T19:09:44","date_gmt":"2024-11-23T17:09:44","guid":{"rendered":"https:\/\/ff-waldbach.at\/wordpress\/?page_id=3819"},"modified":"2024-11-23T19:09:45","modified_gmt":"2024-11-23T17:09:45","slug":"geschichte","status":"publish","type":"page","link":"https:\/\/ff-waldbach.at\/wordpress\/?page_id=3819","title":{"rendered":"Geschichte"},"content":{"rendered":"<p>&nbsp;<\/p>\n<p>&nbsp;Von der Gr\u00fcndung im Jahre 1909 bis heute<\/p>\n<p>In den 70er Jahren des vorigen Jahrhunderts entstanden in allen gr\u00f6\u00dferen Orten der damaligen k. u. k. Monarchie freiwillige Feuerwehren.<\/p>\n<p>Ansto\u00df zur Gr\u00fcndung einer freiwilligen Feuerwehr in Waldbach mag wohl der Gro\u00dfbrand am 9. Mai 1905 in Breitenbrunn gewesen sein, wodurch das ganze Dorf samt Kapelle einge\u00e4schert wurde.<\/p>\n<p>Der entstandene Schaden wurde auf 36.000 Kronen beziffert, wovon die H\u00e4lfte durch Versicherung gedeckt war. An freiwilligen Gaben sind 5.768 Kronen eingeflossen. Gl\u00fccklicherweise kamen Menschenleben nicht zu Schaden.<\/p>\n<p>Die k. u. k. Stadthalterei hat mit Erlass vom 3. Mai 1909 die Bildung der freiwilligen Feuerwehr Waldbach auf Grund der am 8. April bzw. 30. April 1909 vorgelegten Statuten gem\u00e4\u00df dem Vereinsgesetz nicht untersagt.<\/p>\n<p>Das Gr\u00fcndungskomitee bestand aus:<\/p>\n<p><strong><i>Dr. Hans Rotter, Patritz Wastl, Alois Traxler,<\/i><\/strong><\/p>\n<p><strong><i>Franz Spandl, Josef Stangl, Florian Matschinegg,<\/i><\/strong><\/p>\n<p><strong><i>dem Pfarrer Bruno Maierhofer und<\/i><\/strong><\/p>\n<p><strong><i>Gemeindevorsteher Augustin Reingruber.<\/i><\/strong><\/p>\n<p>Erster Hauptmann war der Zimmermeister Franz SPANDL, der aber schon nach kurzer Zeit vom Arzt Dr. Hans ROTTER abgel\u00f6st worden war.<\/p>\n<p>Sein Stellvertreter war der Gendarmeriebeamte Alois TRAXLER.<\/p>\n<p><a href=\"https:\/\/ff-waldbach.at\/wordpress\/wp-content\/uploads\/2013\/09\/2.jpg\"><img loading=\"lazy\" decoding=\"async\" src=\"https:\/\/ff-waldbach.at\/wordpress\/wp-content\/uploads\/2013\/09\/2-300x200.jpg\" class=\"alignleft size-medium wp-image-150\" width=\"300\" height=\"200\" alt=\"2\" srcset=\"https:\/\/ff-waldbach.at\/wordpress\/wp-content\/uploads\/2013\/09\/2-300x200.jpg 300w, https:\/\/ff-waldbach.at\/wordpress\/wp-content\/uploads\/2013\/09\/2-1024x683.jpg 1024w, https:\/\/ff-waldbach.at\/wordpress\/wp-content\/uploads\/2013\/09\/2-449x300.jpg 449w\" sizes=\"auto, (max-width: 300px) 100vw, 300px\" \/><\/a><\/p>\n<p>&nbsp;<\/p>\n<p>&nbsp;<\/p>\n<p>&nbsp;<\/p>\n<p>&nbsp;<\/p>\n<p>&nbsp;<\/p>\n<p>&nbsp;<\/p>\n<p>Im Jahre 1910 wurde das Gr\u00fcndungsfest abgehalten und bei diesem Anlass die angekaufte Handdruckspritze f\u00fcr Hand \u2013 und Pferdezug geweiht; gleichzeitig der Gautag abgehalten.<\/p>\n<p><a href=\"https:\/\/ff-waldbach.at\/wordpress\/wp-content\/uploads\/2013\/09\/ff2.jpg\"><img loading=\"lazy\" decoding=\"async\" src=\"https:\/\/ff-waldbach.at\/wordpress\/wp-content\/uploads\/2013\/09\/ff2-300x189.jpg\" class=\"alignleft size-medium wp-image-154\" width=\"300\" height=\"189\" alt=\"ff2\" srcset=\"https:\/\/ff-waldbach.at\/wordpress\/wp-content\/uploads\/2013\/09\/ff2-300x189.jpg 300w, https:\/\/ff-waldbach.at\/wordpress\/wp-content\/uploads\/2013\/09\/ff2-1024x646.jpg 1024w, https:\/\/ff-waldbach.at\/wordpress\/wp-content\/uploads\/2013\/09\/ff2-475x300.jpg 475w\" sizes=\"auto, (max-width: 300px) 100vw, 300px\" \/><\/a><\/p>\n<p>&nbsp;<\/p>\n<p>&nbsp;<\/p>\n<p>&nbsp;<\/p>\n<p>&nbsp;<\/p>\n<p>&nbsp;<\/p>\n<p><a href=\"https:\/\/ff-waldbach.at\/wordpress\/wp-content\/uploads\/2013\/09\/Unbenannt-10.jpg\"><img loading=\"lazy\" decoding=\"async\" src=\"https:\/\/ff-waldbach.at\/wordpress\/wp-content\/uploads\/2013\/09\/Unbenannt-10-300x199.jpg\" class=\"alignleft size-medium wp-image-160\" width=\"300\" height=\"199\" alt=\"Unbenannt-10\" srcset=\"https:\/\/ff-waldbach.at\/wordpress\/wp-content\/uploads\/2013\/09\/Unbenannt-10-300x199.jpg 300w, https:\/\/ff-waldbach.at\/wordpress\/wp-content\/uploads\/2013\/09\/Unbenannt-10-1024x682.jpg 1024w, https:\/\/ff-waldbach.at\/wordpress\/wp-content\/uploads\/2013\/09\/Unbenannt-10-450x300.jpg 450w\" sizes=\"auto, (max-width: 300px) 100vw, 300px\" \/><\/a><\/p>\n<p>&nbsp;<\/p>\n<p>&nbsp;<\/p>\n<p>&nbsp;<\/p>\n<p>&nbsp;<\/p>\n<p>&nbsp;<\/p>\n<p>&nbsp;<\/p>\n<p><a href=\"https:\/\/ff-waldbach.at\/wordpress\/wp-content\/uploads\/2013\/09\/Unbenannt-13.jpg\"><img loading=\"lazy\" decoding=\"async\" src=\"https:\/\/ff-waldbach.at\/wordpress\/wp-content\/uploads\/2013\/09\/Unbenannt-13-300x199.jpg\" class=\"alignleft size-medium wp-image-149\" width=\"300\" height=\"199\" alt=\"Unbenannt-13\" srcset=\"https:\/\/ff-waldbach.at\/wordpress\/wp-content\/uploads\/2013\/09\/Unbenannt-13-300x199.jpg 300w, https:\/\/ff-waldbach.at\/wordpress\/wp-content\/uploads\/2013\/09\/Unbenannt-13-1024x682.jpg 1024w, https:\/\/ff-waldbach.at\/wordpress\/wp-content\/uploads\/2013\/09\/Unbenannt-13-450x300.jpg 450w\" sizes=\"auto, (max-width: 300px) 100vw, 300px\" \/><\/a><\/p>\n<p>&nbsp;<\/p>\n<p>&nbsp;<\/p>\n<p>&nbsp;<\/p>\n<p>&nbsp;<\/p>\n<p>&nbsp;<\/p>\n<p>&nbsp;<\/p>\n<p>Ein provisorischer Steigerturm wurde 1911 errichtet und das R\u00fcsthaus im Jahre 1913 erbaut.<\/p>\n<p><a href=\"https:\/\/ff-waldbach.at\/wordpress\/wp-content\/uploads\/2013\/09\/AG_002.jpg\"><img loading=\"lazy\" decoding=\"async\" src=\"https:\/\/ff-waldbach.at\/wordpress\/wp-content\/uploads\/2013\/09\/AG_002-300x215.jpg\" class=\"alignleft size-medium wp-image-151\" width=\"300\" height=\"215\" alt=\"AG_002\" srcset=\"https:\/\/ff-waldbach.at\/wordpress\/wp-content\/uploads\/2013\/09\/AG_002-300x215.jpg 300w, https:\/\/ff-waldbach.at\/wordpress\/wp-content\/uploads\/2013\/09\/AG_002-1024x734.jpg 1024w, https:\/\/ff-waldbach.at\/wordpress\/wp-content\/uploads\/2013\/09\/AG_002-418x300.jpg 418w\" sizes=\"auto, (max-width: 300px) 100vw, 300px\" \/><\/a><\/p>\n<p>&nbsp;<\/p>\n<p>&nbsp;<\/p>\n<p>&nbsp;<\/p>\n<p>&nbsp;<\/p>\n<p>&nbsp;<\/p>\n<p>&nbsp;<\/p>\n<p><a href=\"https:\/\/ff-waldbach.at\/wordpress\/wp-content\/uploads\/2013\/09\/Spritzenhaus-waldbach.jpg\"><img loading=\"lazy\" decoding=\"async\" src=\"https:\/\/ff-waldbach.at\/wordpress\/wp-content\/uploads\/2013\/09\/Spritzenhaus-waldbach-199x300.jpg\" class=\"alignleft size-medium wp-image-159\" width=\"199\" height=\"300\" alt=\"Spritzenhaus waldbach\" srcset=\"https:\/\/ff-waldbach.at\/wordpress\/wp-content\/uploads\/2013\/09\/Spritzenhaus-waldbach-199x300.jpg 199w, https:\/\/ff-waldbach.at\/wordpress\/wp-content\/uploads\/2013\/09\/Spritzenhaus-waldbach-682x1024.jpg 682w, https:\/\/ff-waldbach.at\/wordpress\/wp-content\/uploads\/2013\/09\/Spritzenhaus-waldbach.jpg 1535w\" sizes=\"auto, (max-width: 199px) 100vw, 199px\" \/><\/a><\/p>\n<p>&nbsp;<\/p>\n<p>&nbsp;<\/p>\n<p>&nbsp;<\/p>\n<p>&nbsp;<\/p>\n<p>&nbsp;<\/p>\n<p>&nbsp;<\/p>\n<p>&nbsp;<\/p>\n<p>&nbsp;<\/p>\n<p>Der Ausbruch des ersten Weltkrieges unterbrach schlagartig die T\u00e4tigkeit und Entwicklung der Feuerwehren. Die meisten M\u00e4nner und Chargen, die ja meist allgediente Soldaten waren, mussten einr\u00fccken.<\/p>\n<p>Durch den Zusammenbruch der Monarchie kam die Entwicklung der Feuerwehren, besonders im l\u00e4ndlichen Raum, nahezu zum Stillstand.<\/p>\n<p>Nach dem Wegzug des Hauptmannes Dr. Hans ROTTER im Jahre 1912 wurde der Gastwirt Patritz WASTL zum Hauptmann gew\u00e4hlt, welche Funktion er bis zu seinem Ableben am 28. Oktober 1934 innehatte.<\/p>\n<p>Im Jahre 1920 wurde eine zweite Handdruckspritze angekauft. Nur langsam ging es aufw\u00e4rts, zumal auch allgemeines Desinteresse zu vernehmen war. Bei den Feuerwehren entstanden ruhigere Zeit ein Vakuum und eine Krisenzeit. Nur langsam ging es aufw\u00e4rts.<\/p>\n<p><a href=\"https:\/\/ff-waldbach.at\/wordpress\/wp-content\/uploads\/2013\/09\/F_07.jpg\"><img loading=\"lazy\" decoding=\"async\" src=\"https:\/\/ff-waldbach.at\/wordpress\/wp-content\/uploads\/2013\/09\/F_07-300x199.jpg\" class=\"alignleft size-medium wp-image-152\" width=\"300\" height=\"199\" alt=\"F_07\" srcset=\"https:\/\/ff-waldbach.at\/wordpress\/wp-content\/uploads\/2013\/09\/F_07-300x199.jpg 300w, https:\/\/ff-waldbach.at\/wordpress\/wp-content\/uploads\/2013\/09\/F_07-1024x682.jpg 1024w, https:\/\/ff-waldbach.at\/wordpress\/wp-content\/uploads\/2013\/09\/F_07-450x300.jpg 450w\" sizes=\"auto, (max-width: 300px) 100vw, 300px\" \/><\/a><\/p>\n<p>&nbsp;<\/p>\n<p>&nbsp;<\/p>\n<p>&nbsp;<\/p>\n<p>&nbsp;<\/p>\n<p>&nbsp;<\/p>\n<p>&nbsp;<\/p>\n<p>Es soll nicht unerw\u00e4hnt bleiben, dass dieses Wirken von unberufener Seite h\u00f6chst ung\u00fcnstig beurteilt wurde. Es ist eigent\u00fcmlich, das selbst eine so gemeinn\u00fctzige Einrichtung, wie die Feuerwehr, anstatt unterst\u00fctzt, noch missachtet werden kann. Wegen st\u00e4ndiger Reibereien mit der Gemeindevertretung und dem Unverst\u00e4ndnis seitens der Bev\u00f6lkerung wurde im August 1928 die Aufl\u00f6sung beschlossen. In der Sitzung vom 9. September 1928 genehmigte der Gemeinderat die Aufl\u00f6sung. Auf Dr\u00e4ngen des damaligen Feuerwehr \u2013 Bezirksobmannes Othmar RAZA (Vorau) und unter Einschaltung der Bezirkshauptmannschaft konnte die Unstimmigkeiten auf g\u00fctlichem Weg bereinigt und bei der am 8. Dezember 1928 eigens dazu einberufenen Generalversammlung die Aufl\u00f6sung r\u00fcckg\u00e4ngig gemacht werden.<\/p>\n<p>Ende des Jahres 1929 wurde eine damals auf den Markt gekommene tragbare Motorspritze angeschafft und im Mai 1930 eingeweiht.<\/p>\n<p>Verbunden mit dem Gautag wurde im Jahre 1934 das 25 \u2013 j\u00e4hrige Gr\u00fcndungsfest gefeiert, wobei damals noch lebende Gr\u00fcndungsmitglieder mit Medaille f\u00fcr 25 \u2013 j\u00e4hrige T\u00e4tigkeiten auf dem Gebiete des Feuerwehr \u2013 und Rettungswesens ausgezeichnet wurden, darunter auch der Kommandant der Wehr Hauptmann Patritz WASTL, der leider wenige Monate sp\u00e4ter verstarb.<\/p>\n<p><a href=\"https:\/\/ff-waldbach.at\/wordpress\/wp-content\/uploads\/2013\/09\/Neues-Bild.jpg\"><img loading=\"lazy\" decoding=\"async\" src=\"https:\/\/ff-waldbach.at\/wordpress\/wp-content\/uploads\/2013\/09\/Neues-Bild-300x201.jpg\" class=\"alignleft size-medium wp-image-158\" width=\"300\" height=\"201\" alt=\"Neues Bild\" srcset=\"https:\/\/ff-waldbach.at\/wordpress\/wp-content\/uploads\/2013\/09\/Neues-Bild-300x201.jpg 300w, https:\/\/ff-waldbach.at\/wordpress\/wp-content\/uploads\/2013\/09\/Neues-Bild-1024x689.jpg 1024w, https:\/\/ff-waldbach.at\/wordpress\/wp-content\/uploads\/2013\/09\/Neues-Bild-445x300.jpg 445w\" sizes=\"auto, (max-width: 300px) 100vw, 300px\" \/><\/a><\/p>\n<p>&nbsp;<\/p>\n<p>&nbsp;<\/p>\n<p>&nbsp;<\/p>\n<p>&nbsp;<\/p>\n<p>&nbsp;<\/p>\n<p>&nbsp;<\/p>\n<p>Nach dem Ableben von Patritz WASTL wurde dessen Sohn Alois WASTL zum Nachfolger gew\u00e4hlt. Da Alois Wastl auch B\u00fcrgermeister war, wurde 1939 Hans Feiner zum Wehrf\u00fchrer bestimmt und im Mai 1941 sein Vater Josef Feiner zum Wehrkommandanten ernannt.<\/p>\n<p>1945 wurde das Feuerwehrhaus von MG-Geschossen durchl\u00f6chert, ausgepl\u00fcndert und die Ger\u00e4tschaft verschleppt. Es musste wiederum von vorne begonnen werden.<\/p>\n<p>1952 wurde Hans Feiner zum zweiten Mal zum Wehrkommandanten gew\u00e4hlt.<\/p>\n<p>Im Mai 1955 konnte von der Besatzung ein Jeep angeschafft werden.&nbsp;&nbsp;&nbsp;<\/p>\n<p><a href=\"https:\/\/ff-waldbach.at\/wordpress\/wp-content\/uploads\/2013\/09\/FF3.jpg\"><img loading=\"lazy\" decoding=\"async\" src=\"https:\/\/ff-waldbach.at\/wordpress\/wp-content\/uploads\/2013\/09\/FF3-300x182.jpg\" class=\"alignleft size-medium wp-image-155\" width=\"300\" height=\"182\" alt=\"FF3\" srcset=\"https:\/\/ff-waldbach.at\/wordpress\/wp-content\/uploads\/2013\/09\/FF3-300x182.jpg 300w, https:\/\/ff-waldbach.at\/wordpress\/wp-content\/uploads\/2013\/09\/FF3-1024x624.jpg 1024w, https:\/\/ff-waldbach.at\/wordpress\/wp-content\/uploads\/2013\/09\/FF3-491x300.jpg 491w\" sizes=\"auto, (max-width: 300px) 100vw, 300px\" \/><\/a><\/p>\n<p>&nbsp;<\/p>\n<p>&nbsp;<\/p>\n<p>&nbsp;<\/p>\n<p>&nbsp;<\/p>\n<p>&nbsp;<\/p>\n<p>&nbsp;1956 eine zweite Motorspritze und 1964 ein Land Rover 109 angeschafft werden. Der Kaufpreis von Land Rover betrug 50.000.- Schilling.<\/p>\n<p>Von 1964 bis 1966 konnte ein neues R\u00fcsthaus erbaut werden.<\/p>\n<p><a href=\"https:\/\/ff-waldbach.at\/wordpress\/wp-content\/uploads\/2013\/09\/Feuerwehrhaus-alt-2.jpg\"><img loading=\"lazy\" decoding=\"async\" src=\"https:\/\/ff-waldbach.at\/wordpress\/wp-content\/uploads\/2013\/09\/Feuerwehrhaus-alt-2-300x199.jpg\" class=\"alignleft size-medium wp-image-153\" width=\"300\" height=\"199\" alt=\"Feuerwehrhaus-alt 2\" srcset=\"https:\/\/ff-waldbach.at\/wordpress\/wp-content\/uploads\/2013\/09\/Feuerwehrhaus-alt-2-300x199.jpg 300w, https:\/\/ff-waldbach.at\/wordpress\/wp-content\/uploads\/2013\/09\/Feuerwehrhaus-alt-2-1024x682.jpg 1024w, https:\/\/ff-waldbach.at\/wordpress\/wp-content\/uploads\/2013\/09\/Feuerwehrhaus-alt-2-450x300.jpg 450w\" sizes=\"auto, (max-width: 300px) 100vw, 300px\" \/><\/a><\/p>\n<p>&nbsp;<\/p>\n<p>&nbsp;<\/p>\n<p>&nbsp;<\/p>\n<p>&nbsp;<\/p>\n<p>&nbsp;<\/p>\n<p>&nbsp;<\/p>\n<p>Ein neues L\u00f6schfahrzeug der Marke Land Rover 110 mit Allradantrieb wurde 1971 angekauft. Besatzung 1:8. Kaufpreis betrug 260.950.- Schilling, Beitrag der Wehr 20.000.- Schilling.<\/p>\n<p><a href=\"https:\/\/ff-waldbach.at\/wordpress\/wp-content\/uploads\/2013\/09\/J-03.jpg\"><img loading=\"lazy\" decoding=\"async\" src=\"https:\/\/ff-waldbach.at\/wordpress\/wp-content\/uploads\/2013\/09\/J-03-300x211.jpg\" class=\"alignleft size-medium wp-image-157\" width=\"300\" height=\"211\" alt=\"J-03\" srcset=\"https:\/\/ff-waldbach.at\/wordpress\/wp-content\/uploads\/2013\/09\/J-03-300x211.jpg 300w, https:\/\/ff-waldbach.at\/wordpress\/wp-content\/uploads\/2013\/09\/J-03-1024x722.jpg 1024w, https:\/\/ff-waldbach.at\/wordpress\/wp-content\/uploads\/2013\/09\/J-03-424x300.jpg 424w, https:\/\/ff-waldbach.at\/wordpress\/wp-content\/uploads\/2013\/09\/J-03.jpg 1456w\" sizes=\"auto, (max-width: 300px) 100vw, 300px\" \/><\/a><\/p>\n<p>&nbsp;<\/p>\n<p>&nbsp;<\/p>\n<p>&nbsp;<\/p>\n<p>&nbsp;<\/p>\n<p>&nbsp;<\/p>\n<p>&nbsp;<\/p>\n<p>1976 wurde f\u00fcr das L\u00f6schfahrzeug eine Vorbaupumpe um 60.000.- Schilling angekauft.<\/p>\n<p>Da die Anforderungen des Land Rovers 109 nicht mehr dem Stand der Technik entsprach, beschloss die Wehr 1977 den Ankauf eines VW-Busses. Vom Busunternehmen Payerhofer aus St. Jakob im Walde. Der VW-Bus wurde zum Mannschaftstransportfahrzeug umgebaut.<\/p>\n<p><a href=\"https:\/\/ff-waldbach.at\/wordpress\/wp-content\/uploads\/2013\/11\/VW_B-01.jpg\"><img loading=\"lazy\" decoding=\"async\" src=\"https:\/\/ff-waldbach.at\/wordpress\/wp-content\/uploads\/2013\/11\/VW_B-01-300x200.jpg\" class=\"alignleft size-medium wp-image-235\" width=\"300\" height=\"200\" alt=\"VW_B 01\" srcset=\"https:\/\/ff-waldbach.at\/wordpress\/wp-content\/uploads\/2013\/11\/VW_B-01-300x200.jpg 300w, https:\/\/ff-waldbach.at\/wordpress\/wp-content\/uploads\/2013\/11\/VW_B-01-449x300.jpg 449w, https:\/\/ff-waldbach.at\/wordpress\/wp-content\/uploads\/2013\/11\/VW_B-01.jpg 640w\" sizes=\"auto, (max-width: 300px) 100vw, 300px\" \/><\/a><\/p>\n<p>&nbsp;<\/p>\n<p>&nbsp;<\/p>\n<p>&nbsp;<\/p>\n<p>&nbsp;<\/p>\n<p>&nbsp;<\/p>\n<p>&nbsp;<\/p>\n<p>1978 wurden 3 St\u00fcck Atemschutzger\u00e4te angekauft.<\/p>\n<p>Im Jahre 1979 wurde Jakob Hofer zum neuen Kommandanten gew\u00e4hlt.<\/p>\n<p>Juli 1980 konnte die Feuerwehr ihr neues TLF \u2013 2000 feierlich in betrieb nehmen. Die Gesamtkosten des Fahrzeuges beliefen sich auf 1,2 Millionen Schilling. Die finanzielle Eigenleistung der Wehr, 400.000 Schilling.<\/p>\n<p><a href=\"https:\/\/ff-waldbach.at\/wordpress\/wp-content\/uploads\/2013\/11\/N_UBL_TLF.jpg\"><img loading=\"lazy\" decoding=\"async\" src=\"https:\/\/ff-waldbach.at\/wordpress\/wp-content\/uploads\/2013\/11\/N_UBL_TLF-300x206.jpg\" class=\"alignleft size-medium wp-image-240\" width=\"300\" height=\"206\" alt=\"N_UBL_TLF\" srcset=\"https:\/\/ff-waldbach.at\/wordpress\/wp-content\/uploads\/2013\/11\/N_UBL_TLF-300x206.jpg 300w, https:\/\/ff-waldbach.at\/wordpress\/wp-content\/uploads\/2013\/11\/N_UBL_TLF-436x300.jpg 436w, https:\/\/ff-waldbach.at\/wordpress\/wp-content\/uploads\/2013\/11\/N_UBL_TLF.jpg 640w\" sizes=\"auto, (max-width: 300px) 100vw, 300px\" \/><\/a><\/p>\n<p>&nbsp;<\/p>\n<p>&nbsp;<\/p>\n<p>&nbsp;<\/p>\n<p>&nbsp;<\/p>\n<p>&nbsp;<\/p>\n<p>&nbsp;<\/p>\n<p><a href=\"https:\/\/ff-waldbach.at\/wordpress\/wp-content\/uploads\/2013\/11\/TLF_W-01.jpg\"><img loading=\"lazy\" decoding=\"async\" src=\"https:\/\/ff-waldbach.at\/wordpress\/wp-content\/uploads\/2013\/11\/TLF_W-01-300x200.jpg\" class=\"alignleft size-medium wp-image-241\" width=\"300\" height=\"200\" alt=\"TLF_W 01\" srcset=\"https:\/\/ff-waldbach.at\/wordpress\/wp-content\/uploads\/2013\/11\/TLF_W-01-300x200.jpg 300w, https:\/\/ff-waldbach.at\/wordpress\/wp-content\/uploads\/2013\/11\/TLF_W-01-449x300.jpg 449w, https:\/\/ff-waldbach.at\/wordpress\/wp-content\/uploads\/2013\/11\/TLF_W-01.jpg 640w\" sizes=\"auto, (max-width: 300px) 100vw, 300px\" \/><\/a><\/p>\n<p>&nbsp;<\/p>\n<p>&nbsp;<\/p>\n<p>&nbsp;<\/p>\n<p>&nbsp;<\/p>\n<p>&nbsp;<\/p>\n<p>&nbsp;<\/p>\n<p>1992 wurde Josef Mayer zum achten Kommandanten der Wehr gew\u00e4hlt.<\/p>\n<p>Die teuerste Anschaffung der Wehr war 1992 ein L\u00f6schfahrzeug mit Bergeausr\u00fcstung (LFB-A) das den alten Land Rover 110 ersetzte. Das Fahrzeug ist neben der Normausstattung zus\u00e4tzlich mit einem Stromgenerator (20 KVA), Hydraulischen Bergeger\u00e4t und Seilwinde ausger\u00fcstet. Gesamtkosten 2,8 Millionen Schilling, Eigenleistung der Wehr 450.000 Schilling.<\/p>\n<p>1995 kaufte die Wehr von der Feuerwehr Hausmannst\u00e4tten einen Pinzgauer 6X6 der als Mannschaftstransportfahrzeug eingesetzt wird. Die Kosten von 150.000 Schilling \u00fcbernahm zur G\u00e4nze die Gemeinde.<\/p>\n<p><a href=\"https:\/\/ff-waldbach.at\/wordpress\/wp-content\/uploads\/2013\/09\/624A6729.jpg\"><img loading=\"lazy\" decoding=\"async\" src=\"https:\/\/ff-waldbach.at\/wordpress\/wp-content\/uploads\/2013\/09\/624A6729-300x219.jpg\" class=\"alignleft size-medium wp-image-167\" width=\"300\" height=\"219\" alt=\"624A6729\" srcset=\"https:\/\/ff-waldbach.at\/wordpress\/wp-content\/uploads\/2013\/09\/624A6729-300x219.jpg 300w, https:\/\/ff-waldbach.at\/wordpress\/wp-content\/uploads\/2013\/09\/624A6729-409x300.jpg 409w, https:\/\/ff-waldbach.at\/wordpress\/wp-content\/uploads\/2013\/09\/624A6729.jpg 800w\" sizes=\"auto, (max-width: 300px) 100vw, 300px\" \/><\/a><\/p>\n<p>&nbsp;<\/p>\n<p>&nbsp;<\/p>\n<p>&nbsp;<\/p>\n<p>&nbsp;<\/p>\n<p>&nbsp;<\/p>\n<p>&nbsp;<\/p>\n<p>Von 1997 bis 1998 wurde das jetzige R\u00fcsthaus gebaut. Baukosten waren 6,2 Millionen Schilling.<\/p>\n<p>2001 kaufte die Feuerwehr von der Rettung ein gebrauchtes Rettungsauto, das zu einem Mannschaftstransportfahrzeug umgebaut wurde.<\/p>\n<p><a href=\"https:\/\/ff-waldbach.at\/wordpress\/wp-content\/uploads\/2013\/09\/624A6740.jpg\"><img loading=\"lazy\" decoding=\"async\" src=\"https:\/\/ff-waldbach.at\/wordpress\/wp-content\/uploads\/2013\/09\/624A6740-300x199.jpg\" class=\"alignleft size-medium wp-image-166\" width=\"300\" height=\"199\" alt=\"624A6740\" srcset=\"https:\/\/ff-waldbach.at\/wordpress\/wp-content\/uploads\/2013\/09\/624A6740-300x199.jpg 300w, https:\/\/ff-waldbach.at\/wordpress\/wp-content\/uploads\/2013\/09\/624A6740-450x300.jpg 450w, https:\/\/ff-waldbach.at\/wordpress\/wp-content\/uploads\/2013\/09\/624A6740.jpg 800w\" sizes=\"auto, (max-width: 300px) 100vw, 300px\" \/><\/a><\/p>\n<p>&nbsp;<\/p>\n<p>&nbsp;<\/p>\n<p>&nbsp;<\/p>\n<p>&nbsp;<\/p>\n<p>&nbsp;<\/p>\n<p>&nbsp;<a href=\"https:\/\/ff-waldbach.at\/wordpress\/wp-content\/uploads\/2013\/11\/bus-01.jpg\"><img loading=\"lazy\" decoding=\"async\" src=\"https:\/\/ff-waldbach.at\/wordpress\/wp-content\/uploads\/2013\/11\/bus-01-300x199.jpg\" class=\"alignleft size-medium wp-image-177\" width=\"300\" height=\"199\" alt=\"bus-01\" srcset=\"https:\/\/ff-waldbach.at\/wordpress\/wp-content\/uploads\/2013\/11\/bus-01-300x199.jpg 300w, https:\/\/ff-waldbach.at\/wordpress\/wp-content\/uploads\/2013\/11\/bus-01-450x300.jpg 450w, https:\/\/ff-waldbach.at\/wordpress\/wp-content\/uploads\/2013\/11\/bus-01.jpg 800w\" sizes=\"auto, (max-width: 300px) 100vw, 300px\" \/><\/a><\/p>\n<p>&nbsp;<\/p>\n<p>&nbsp;<\/p>\n<p>&nbsp;<\/p>\n<p>&nbsp;<\/p>\n<p>&nbsp;<\/p>\n<p>Dezember 2009 konnte das neue Tankl\u00f6schfahrzeug&nbsp; mit 3000 Liter L\u00f6schwassertank in betrieb genommen werden. Die Gesamtkosten beliefen sich auf 270.000 Euro.<\/p>\n<p>2012 wurde Walter Kernbichler zum Kommandanten der Wehr gew\u00e4hlt.<\/p>\n<p><a href=\"https:\/\/ff-waldbach.at\/wordpress\/wp-content\/uploads\/2013\/09\/Freiwillige-Feuerwehr-Waldbach1.pdf\">Freiwillige Feuerwehr Waldbach<\/a><\/p>\n<p>&nbsp;<\/p>\n","protected":false},"excerpt":{"rendered":"<p>&nbsp; &nbsp;Von der Gr\u00fcndung im Jahre 1909 bis heute In den 70er Jahren des vorigen Jahrhunderts entstanden in allen gr\u00f6\u00dferen [&hellip;]<\/p>\n","protected":false},"author":1,"featured_media":0,"parent":13,"menu_order":0,"comment_status":"closed","ping_status":"closed","template":"","meta":{"_coblocks_attr":"","_coblocks_dimensions":"","_coblocks_responsive_height":"","_coblocks_accordion_ie_support":"","footnotes":""},"class_list":["post-3819","page","type-page","status-publish","hentry","post"],"_links":{"self":[{"href":"https:\/\/ff-waldbach.at\/wordpress\/index.php?rest_route=\/wp\/v2\/pages\/3819","targetHints":{"allow":["GET"]}}],"collection":[{"href":"https:\/\/ff-waldbach.at\/wordpress\/index.php?rest_route=\/wp\/v2\/pages"}],"about":[{"href":"https:\/\/ff-waldbach.at\/wordpress\/index.php?rest_route=\/wp\/v2\/types\/page"}],"author":[{"embeddable":true,"href":"https:\/\/ff-waldbach.at\/wordpress\/index.php?rest_route=\/wp\/v2\/users\/1"}],"replies":[{"embeddable":true,"href":"https:\/\/ff-waldbach.at\/wordpress\/index.php?rest_route=%2Fwp%2Fv2%2Fcomments&post=3819"}],"version-history":[{"count":2,"href":"https:\/\/ff-waldbach.at\/wordpress\/index.php?rest_route=\/wp\/v2\/pages\/3819\/revisions"}],"predecessor-version":[{"id":3822,"href":"https:\/\/ff-waldbach.at\/wordpress\/index.php?rest_route=\/wp\/v2\/pages\/3819\/revisions\/3822"}],"up":[{"embeddable":true,"href":"https:\/\/ff-waldbach.at\/wordpress\/index.php?rest_route=\/wp\/v2\/pages\/13"}],"wp:attachment":[{"href":"https:\/\/ff-waldbach.at\/wordpress\/index.php?rest_route=%2Fwp%2Fv2%2Fmedia&parent=3819"}],"curies":[{"name":"wp","href":"https:\/\/api.w.org\/{rel}","templated":true}]}}