{"id":4128,"date":"2025-08-20T13:06:22","date_gmt":"2025-08-20T11:06:22","guid":{"rendered":"https:\/\/ff-waldbach.at\/wordpress\/?page_id=4128"},"modified":"2025-08-20T13:20:21","modified_gmt":"2025-08-20T11:20:21","slug":"news","status":"publish","type":"page","link":"https:\/\/ff-waldbach.at\/wordpress\/?page_id=4128","title":{"rendered":"News"},"content":{"rendered":"<ul class=\"wp-block-latest-posts__list wp-block-latest-posts\"><li><div class=\"wp-block-latest-posts__featured-image\"><a href=\"https:\/\/ff-waldbach.at\/wordpress\/?p=4252\" aria-label=\"Monats\u00fcbung April\"><img loading=\"lazy\" decoding=\"async\" width=\"150\" height=\"150\" src=\"https:\/\/ff-waldbach.at\/wordpress\/wp-content\/uploads\/2026\/04\/img_0044-150x150.jpg\" class=\"attachment-thumbnail size-thumbnail wp-post-image\" alt=\"\" style=\"\" \/><\/a><\/div><a class=\"wp-block-latest-posts__post-title\" href=\"https:\/\/ff-waldbach.at\/wordpress\/?p=4252\">Monats\u00fcbung April<\/a><div class=\"wp-block-latest-posts__post-excerpt\">\u2705 Vergangenen Samstag fand wieder die Monats\u00fcbung statt.Diesesmal war das Rote Kreuz zu Besuch bei uns. \ud83d\ude91<\/div><\/li>\n<li><div class=\"wp-block-latest-posts__featured-image\"><a href=\"https:\/\/ff-waldbach.at\/wordpress\/?p=4248\" aria-label=\"Fr\u00fchschoppen\"><img loading=\"lazy\" decoding=\"async\" width=\"150\" height=\"150\" src=\"https:\/\/ff-waldbach.at\/wordpress\/wp-content\/uploads\/2026\/04\/img_2914-150x150.jpg\" class=\"attachment-thumbnail size-thumbnail wp-post-image\" alt=\"\" style=\"\" \/><\/a><\/div><a class=\"wp-block-latest-posts__post-title\" href=\"https:\/\/ff-waldbach.at\/wordpress\/?p=4248\">Fr\u00fchschoppen<\/a><div class=\"wp-block-latest-posts__post-excerpt\"><\/div><\/li>\n<li><div class=\"wp-block-latest-posts__featured-image\"><a href=\"https:\/\/ff-waldbach.at\/wordpress\/?p=4245\" aria-label=\"Sirenenalarm 13.04.2026\"><img loading=\"lazy\" decoding=\"async\" width=\"150\" height=\"150\" src=\"https:\/\/ff-waldbach.at\/wordpress\/wp-content\/uploads\/2026\/04\/img_2859-150x150.jpg\" class=\"attachment-thumbnail size-thumbnail wp-post-image\" alt=\"\" style=\"\" \/><\/a><\/div><a class=\"wp-block-latest-posts__post-title\" href=\"https:\/\/ff-waldbach.at\/wordpress\/?p=4245\">Sirenenalarm 13.04.2026<\/a><div class=\"wp-block-latest-posts__post-excerpt\">\u2705 Einsatz Heute wurden wir zu einem Verkehrsunfall mit verletzten Personen gerufen.<\/div><\/li>\n<li><div class=\"wp-block-latest-posts__featured-image\"><a href=\"https:\/\/ff-waldbach.at\/wordpress\/?p=4241\" aria-label=\"Monats\u00fcbung M\u00e4rz\"><img loading=\"lazy\" decoding=\"async\" width=\"150\" height=\"150\" src=\"https:\/\/ff-waldbach.at\/wordpress\/wp-content\/uploads\/2026\/03\/img_2737-150x150.jpg\" class=\"attachment-thumbnail size-thumbnail wp-post-image\" alt=\"\" style=\"\" \/><\/a><\/div><a class=\"wp-block-latest-posts__post-title\" href=\"https:\/\/ff-waldbach.at\/wordpress\/?p=4241\">Monats\u00fcbung M\u00e4rz<\/a><div class=\"wp-block-latest-posts__post-excerpt\">\u2705 Zum Abschluss der einsatzreichen Woche fand wieder unsere Monats\u00fcbung statt. Es freut uns auch vier M\u00e4dchen in der Feuerwehrjugend begr\u00fc\u00dfen zu d\u00fcrfen.\ud83e\uddd1\u200d\ud83d\ude92\ud83d\udc69\u200d\ud83d\ude92\ud83d\udc69\u200d\ud83d\ude92\ud83d\udc69\u200d\ud83d\ude92<\/div><\/li>\n<li><div class=\"wp-block-latest-posts__featured-image\"><a href=\"https:\/\/ff-waldbach.at\/wordpress\/?p=4235\" aria-label=\"\u274e Brandeinsatz in M\u00f6nichwald\"><img loading=\"lazy\" decoding=\"async\" width=\"150\" height=\"150\" src=\"https:\/\/ff-waldbach.at\/wordpress\/wp-content\/uploads\/2026\/03\/d2a3ad88-264b-4eec-9c0e-a01024256814-150x150.jpg\" class=\"attachment-thumbnail size-thumbnail wp-post-image\" alt=\"\" style=\"\" \/><\/a><\/div><a class=\"wp-block-latest-posts__post-title\" href=\"https:\/\/ff-waldbach.at\/wordpress\/?p=4235\">\u274e Brandeinsatz in M\u00f6nichwald<\/a><div class=\"wp-block-latest-posts__post-excerpt\">Am Nachmittag, nachdem die Sturmsch\u00e4den aufgearbeitet waren wurden wir zur Unterst\u00fctzung unserer Nachbarn nach M\u00f6nichwald gerufen.<\/div><\/li>\n<li><div class=\"wp-block-latest-posts__featured-image\"><a href=\"https:\/\/ff-waldbach.at\/wordpress\/?p=4232\" aria-label=\"Einsatzserie 26. bis 27.3\"><img loading=\"lazy\" decoding=\"async\" width=\"150\" height=\"150\" src=\"https:\/\/ff-waldbach.at\/wordpress\/wp-content\/uploads\/2026\/03\/5b48bf62-cd0c-4c74-82c4-a66cb11a2d4b-150x150.jpg\" class=\"attachment-thumbnail size-thumbnail wp-post-image\" alt=\"\" style=\"\" \/><\/a><\/div><a class=\"wp-block-latest-posts__post-title\" href=\"https:\/\/ff-waldbach.at\/wordpress\/?p=4232\">Einsatzserie 26. bis 27.3<\/a><div class=\"wp-block-latest-posts__post-excerpt\">\u2705 Einsatzserie: Zwischen 26. und 27.3 waren wir fast ununterbrochen im Einsatz wegen umgest\u00fcrzter B\u00e4ume auf Verkehrswegen durch Sturm.<\/div><\/li>\n<li><div class=\"wp-block-latest-posts__featured-image\"><a href=\"https:\/\/ff-waldbach.at\/wordpress\/?p=4224\" aria-label=\"Wehrversammlung 2026\"><img loading=\"lazy\" decoding=\"async\" width=\"150\" height=\"150\" src=\"https:\/\/ff-waldbach.at\/wordpress\/wp-content\/uploads\/2026\/03\/40A4592-150x150.jpg\" class=\"attachment-thumbnail size-thumbnail wp-post-image\" alt=\"\" style=\"\" \/><\/a><\/div><a class=\"wp-block-latest-posts__post-title\" href=\"https:\/\/ff-waldbach.at\/wordpress\/?p=4224\">Wehrversammlung 2026<\/a><div class=\"wp-block-latest-posts__post-excerpt\">Am 07.03.2026 fand die allj\u00e4hrliche Wehrversammlung im Gasthaus Hold in Waldbach statt. HBI Michaela Gaugl er\u00f6ffnete die Versammlung und\u00a0 begr\u00fc\u00dfte die Ehreng\u00e4ste; B\u00fcrgermeister Stefan Hold, BR Johann Hierzer \u2013 Bereichsfeuerwehrkommandantstellverstreter, ABI Markus Allmer- Abschnittsfeuerwehrkommandant und Thomas Gremsl und Sieglinde Zingl \u2013 Rotes Kreuz, Orststelle Vorau Nach Feststellung der Beschlussf\u00e4higkeit berichtete HBI Gaugl \u00fcber das vergangene\u2026\u00a0<a class=\"wp-block-latest-posts__read-more\" href=\"https:\/\/ff-waldbach.at\/wordpress\/?p=4224\" rel=\"noopener noreferrer\"><span class=\"screen-reader-text\">Wehrversammlung 2026 <\/span>weiterlesen<\/a><\/div><\/li>\n<li><div class=\"wp-block-latest-posts__featured-image\"><a href=\"https:\/\/ff-waldbach.at\/wordpress\/?p=4221\" aria-label=\"Eins\u00e4tze 20.02.26 Schneefall\"><img loading=\"lazy\" decoding=\"async\" width=\"150\" height=\"150\" src=\"https:\/\/ff-waldbach.at\/wordpress\/wp-content\/uploads\/2026\/02\/img_0031-150x150.jpg\" class=\"attachment-thumbnail size-thumbnail wp-post-image\" alt=\"\" style=\"\" \/><\/a><\/div><a class=\"wp-block-latest-posts__post-title\" href=\"https:\/\/ff-waldbach.at\/wordpress\/?p=4221\">Eins\u00e4tze 20.02.26 Schneefall<\/a><div class=\"wp-block-latest-posts__post-excerpt\">\u2705Heute wurden wir zu mehreren umgest\u00fcrzten B\u00e4umen und zu einer Fahrzeugbergung gerufen.<\/div><\/li>\n<li><div class=\"wp-block-latest-posts__featured-image\"><a href=\"https:\/\/ff-waldbach.at\/wordpress\/?p=4212\" aria-label=\"\u00dcbung und 2 Eins\u00e4tze an einem Tag\"><img loading=\"lazy\" decoding=\"async\" width=\"150\" height=\"150\" src=\"https:\/\/ff-waldbach.at\/wordpress\/wp-content\/uploads\/2026\/01\/img_2081-150x150.jpg\" class=\"attachment-thumbnail size-thumbnail wp-post-image\" alt=\"\" style=\"\" \/><\/a><\/div><a class=\"wp-block-latest-posts__post-title\" href=\"https:\/\/ff-waldbach.at\/wordpress\/?p=4212\">\u00dcbung und 2 Eins\u00e4tze an einem Tag<\/a><div class=\"wp-block-latest-posts__post-excerpt\">Am 10.01 wurden wir, wie bereits berichtet, zu einem Brand nach M\u00f6nichwald gerufen. Am Nachmittag wurden wir zu einer T\u00fcr\u00f6ffnung gerufen. Zum Abschluss des Tages fand im R\u00fcsthaus die erste \u00dcbung diese Jahres statt.<\/div><\/li>\n<li><div class=\"wp-block-latest-posts__featured-image\"><a href=\"https:\/\/ff-waldbach.at\/wordpress\/?p=4207\" aria-label=\"Brandeinsatz 10.01.2026\"><img loading=\"lazy\" decoding=\"async\" width=\"150\" height=\"150\" src=\"https:\/\/ff-waldbach.at\/wordpress\/wp-content\/uploads\/2026\/01\/img_2076-150x150.jpg\" class=\"attachment-thumbnail size-thumbnail wp-post-image\" alt=\"\" style=\"\" \/><\/a><\/div><a class=\"wp-block-latest-posts__post-title\" href=\"https:\/\/ff-waldbach.at\/wordpress\/?p=4207\">Brandeinsatz 10.01.2026<\/a><div class=\"wp-block-latest-posts__post-excerpt\">Am 10.01 wurden wir vormittags zur Unterst\u00fctzung der FF M\u00f6nichwald bei einem Brand alarmiert. Eingesetzte Kr\u00e4fte: FF M\u00f6nichwald FF St. Lorenzen am Wechsel FF Waldbach Polizei und Rettung<\/div><\/li>\n<\/ul>\n\n<div class=\"wp-block-archives-dropdown wp-block-archives\"><label for=\"wp-block-archives-1\" class=\"wp-block-archives__label\">Archiv<\/label>\n\t\t<select id=\"wp-block-archives-1\" name=\"archive-dropdown\">\n\t\t<option value=\"\">Monat ausw\u00e4hlen<\/option>\t<option value='https:\/\/ff-waldbach.at\/wordpress\/?m=202604'> April 2026 &nbsp;(3)<\/option>\n\t<option value='https:\/\/ff-waldbach.at\/wordpress\/?m=202603'> M\u00e4rz 2026 &nbsp;(4)<\/option>\n\t<option value='https:\/\/ff-waldbach.at\/wordpress\/?m=202602'> Februar 2026 &nbsp;(1)<\/option>\n\t<option value='https:\/\/ff-waldbach.at\/wordpress\/?m=202601'> Januar 2026 &nbsp;(6)<\/option>\n\t<option value='https:\/\/ff-waldbach.at\/wordpress\/?m=202512'> Dezember 2025 &nbsp;(3)<\/option>\n\t<option value='https:\/\/ff-waldbach.at\/wordpress\/?m=202509'> September 2025 &nbsp;(1)<\/option>\n\t<option value='https:\/\/ff-waldbach.at\/wordpress\/?m=202508'> August 2025 &nbsp;(1)<\/option>\n\t<option value='https:\/\/ff-waldbach.at\/wordpress\/?m=202507'> Juli 2025 &nbsp;(3)<\/option>\n\t<option value='https:\/\/ff-waldbach.at\/wordpress\/?m=202506'> Juni 2025 &nbsp;(1)<\/option>\n\t<option value='https:\/\/ff-waldbach.at\/wordpress\/?m=202505'> Mai 2025 &nbsp;(2)<\/option>\n\t<option value='https:\/\/ff-waldbach.at\/wordpress\/?m=202504'> April 2025 &nbsp;(2)<\/option>\n\t<option value='https:\/\/ff-waldbach.at\/wordpress\/?m=202503'> M\u00e4rz 2025 &nbsp;(3)<\/option>\n\t<option value='https:\/\/ff-waldbach.at\/wordpress\/?m=202502'> Februar 2025 &nbsp;(1)<\/option>\n\t<option value='https:\/\/ff-waldbach.at\/wordpress\/?m=202501'> Januar 2025 &nbsp;(1)<\/option>\n\t<option value='https:\/\/ff-waldbach.at\/wordpress\/?m=202412'> Dezember 2024 &nbsp;(3)<\/option>\n\t<option value='https:\/\/ff-waldbach.at\/wordpress\/?m=202411'> November 2024 &nbsp;(3)<\/option>\n\t<option value='https:\/\/ff-waldbach.at\/wordpress\/?m=202409'> September 2024 &nbsp;(3)<\/option>\n\t<option value='https:\/\/ff-waldbach.at\/wordpress\/?m=202408'> August 2024 &nbsp;(4)<\/option>\n\t<option value='https:\/\/ff-waldbach.at\/wordpress\/?m=202407'> Juli 2024 &nbsp;(1)<\/option>\n\t<option value='https:\/\/ff-waldbach.at\/wordpress\/?m=202406'> Juni 2024 &nbsp;(3)<\/option>\n\t<option value='https:\/\/ff-waldbach.at\/wordpress\/?m=202405'> Mai 2024 &nbsp;(2)<\/option>\n\t<option value='https:\/\/ff-waldbach.at\/wordpress\/?m=202403'> M\u00e4rz 2024 &nbsp;(2)<\/option>\n\t<option value='https:\/\/ff-waldbach.at\/wordpress\/?m=202307'> Juli 2023 &nbsp;(1)<\/option>\n\t<option value='https:\/\/ff-waldbach.at\/wordpress\/?m=202304'> April 2023 &nbsp;(2)<\/option>\n\t<option value='https:\/\/ff-waldbach.at\/wordpress\/?m=202303'> M\u00e4rz 2023 &nbsp;(1)<\/option>\n\t<option value='https:\/\/ff-waldbach.at\/wordpress\/?m=202301'> Januar 2023 &nbsp;(1)<\/option>\n\t<option value='https:\/\/ff-waldbach.at\/wordpress\/?m=202212'> Dezember 2022 &nbsp;(1)<\/option>\n\t<option value='https:\/\/ff-waldbach.at\/wordpress\/?m=202211'> November 2022 &nbsp;(2)<\/option>\n\t<option value='https:\/\/ff-waldbach.at\/wordpress\/?m=202210'> Oktober 2022 &nbsp;(1)<\/option>\n\t<option value='https:\/\/ff-waldbach.at\/wordpress\/?m=202209'> September 2022 &nbsp;(1)<\/option>\n\t<option value='https:\/\/ff-waldbach.at\/wordpress\/?m=202208'> August 2022 &nbsp;(5)<\/option>\n\t<option value='https:\/\/ff-waldbach.at\/wordpress\/?m=202207'> Juli 2022 &nbsp;(5)<\/option>\n\t<option value='https:\/\/ff-waldbach.at\/wordpress\/?m=202206'> Juni 2022 &nbsp;(1)<\/option>\n\t<option value='https:\/\/ff-waldbach.at\/wordpress\/?m=202205'> Mai 2022 &nbsp;(2)<\/option>\n\t<option value='https:\/\/ff-waldbach.at\/wordpress\/?m=202203'> M\u00e4rz 2022 &nbsp;(1)<\/option>\n\t<option value='https:\/\/ff-waldbach.at\/wordpress\/?m=202201'> Januar 2022 &nbsp;(1)<\/option>\n\t<option value='https:\/\/ff-waldbach.at\/wordpress\/?m=202111'> November 2021 &nbsp;(2)<\/option>\n\t<option value='https:\/\/ff-waldbach.at\/wordpress\/?m=202107'> Juli 2021 &nbsp;(5)<\/option>\n\t<option value='https:\/\/ff-waldbach.at\/wordpress\/?m=202106'> Juni 2021 &nbsp;(4)<\/option>\n\t<option value='https:\/\/ff-waldbach.at\/wordpress\/?m=202105'> Mai 2021 &nbsp;(4)<\/option>\n\t<option value='https:\/\/ff-waldbach.at\/wordpress\/?m=202104'> April 2021 &nbsp;(3)<\/option>\n\t<option value='https:\/\/ff-waldbach.at\/wordpress\/?m=202011'> November 2020 &nbsp;(1)<\/option>\n\t<option value='https:\/\/ff-waldbach.at\/wordpress\/?m=202009'> September 2020 &nbsp;(3)<\/option>\n\t<option value='https:\/\/ff-waldbach.at\/wordpress\/?m=202008'> August 2020 &nbsp;(4)<\/option>\n\t<option value='https:\/\/ff-waldbach.at\/wordpress\/?m=202007'> Juli 2020 &nbsp;(1)<\/option>\n\t<option value='https:\/\/ff-waldbach.at\/wordpress\/?m=202006'> Juni 2020 &nbsp;(2)<\/option>\n\t<option value='https:\/\/ff-waldbach.at\/wordpress\/?m=202003'> M\u00e4rz 2020 &nbsp;(1)<\/option>\n\t<option value='https:\/\/ff-waldbach.at\/wordpress\/?m=202002'> Februar 2020 &nbsp;(2)<\/option>\n\t<option value='https:\/\/ff-waldbach.at\/wordpress\/?m=201912'> Dezember 2019 &nbsp;(3)<\/option>\n\t<option value='https:\/\/ff-waldbach.at\/wordpress\/?m=201911'> November 2019 &nbsp;(2)<\/option>\n\t<option value='https:\/\/ff-waldbach.at\/wordpress\/?m=201910'> Oktober 2019 &nbsp;(2)<\/option>\n\t<option value='https:\/\/ff-waldbach.at\/wordpress\/?m=201907'> Juli 2019 &nbsp;(1)<\/option>\n\t<option value='https:\/\/ff-waldbach.at\/wordpress\/?m=201905'> Mai 2019 &nbsp;(5)<\/option>\n\t<option value='https:\/\/ff-waldbach.at\/wordpress\/?m=201904'> April 2019 &nbsp;(1)<\/option>\n\t<option value='https:\/\/ff-waldbach.at\/wordpress\/?m=201903'> M\u00e4rz 2019 &nbsp;(1)<\/option>\n\t<option value='https:\/\/ff-waldbach.at\/wordpress\/?m=201902'> Februar 2019 &nbsp;(3)<\/option>\n\t<option value='https:\/\/ff-waldbach.at\/wordpress\/?m=201901'> Januar 2019 &nbsp;(4)<\/option>\n\t<option value='https:\/\/ff-waldbach.at\/wordpress\/?m=201812'> Dezember 2018 &nbsp;(1)<\/option>\n\t<option value='https:\/\/ff-waldbach.at\/wordpress\/?m=201811'> November 2018 &nbsp;(2)<\/option>\n\t<option value='https:\/\/ff-waldbach.at\/wordpress\/?m=201810'> Oktober 2018 &nbsp;(4)<\/option>\n\t<option value='https:\/\/ff-waldbach.at\/wordpress\/?m=201809'> September 2018 &nbsp;(2)<\/option>\n\t<option value='https:\/\/ff-waldbach.at\/wordpress\/?m=201808'> August 2018 &nbsp;(2)<\/option>\n\t<option value='https:\/\/ff-waldbach.at\/wordpress\/?m=201807'> Juli 2018 &nbsp;(4)<\/option>\n\t<option value='https:\/\/ff-waldbach.at\/wordpress\/?m=201806'> Juni 2018 &nbsp;(4)<\/option>\n\t<option value='https:\/\/ff-waldbach.at\/wordpress\/?m=201805'> Mai 2018 &nbsp;(1)<\/option>\n\t<option value='https:\/\/ff-waldbach.at\/wordpress\/?m=201804'> April 2018 &nbsp;(4)<\/option>\n\t<option value='https:\/\/ff-waldbach.at\/wordpress\/?m=201803'> M\u00e4rz 2018 &nbsp;(2)<\/option>\n\t<option value='https:\/\/ff-waldbach.at\/wordpress\/?m=201802'> Februar 2018 &nbsp;(2)<\/option>\n\t<option value='https:\/\/ff-waldbach.at\/wordpress\/?m=201801'> Januar 2018 &nbsp;(1)<\/option>\n\t<option value='https:\/\/ff-waldbach.at\/wordpress\/?m=201712'> Dezember 2017 &nbsp;(7)<\/option>\n\t<option value='https:\/\/ff-waldbach.at\/wordpress\/?m=201711'> November 2017 &nbsp;(4)<\/option>\n\t<option value='https:\/\/ff-waldbach.at\/wordpress\/?m=201708'> August 2017 &nbsp;(4)<\/option>\n\t<option value='https:\/\/ff-waldbach.at\/wordpress\/?m=201707'> Juli 2017 &nbsp;(2)<\/option>\n\t<option value='https:\/\/ff-waldbach.at\/wordpress\/?m=201705'> Mai 2017 &nbsp;(6)<\/option>\n\t<option value='https:\/\/ff-waldbach.at\/wordpress\/?m=201704'> April 2017 &nbsp;(2)<\/option>\n\t<option value='https:\/\/ff-waldbach.at\/wordpress\/?m=201702'> Februar 2017 &nbsp;(3)<\/option>\n\t<option value='https:\/\/ff-waldbach.at\/wordpress\/?m=201612'> Dezember 2016 &nbsp;(2)<\/option>\n\t<option value='https:\/\/ff-waldbach.at\/wordpress\/?m=201611'> November 2016 &nbsp;(3)<\/option>\n\t<option value='https:\/\/ff-waldbach.at\/wordpress\/?m=201610'> Oktober 2016 &nbsp;(1)<\/option>\n\t<option value='https:\/\/ff-waldbach.at\/wordpress\/?m=201609'> September 2016 &nbsp;(2)<\/option>\n\t<option value='https:\/\/ff-waldbach.at\/wordpress\/?m=201608'> August 2016 &nbsp;(1)<\/option>\n\t<option value='https:\/\/ff-waldbach.at\/wordpress\/?m=201607'> Juli 2016 &nbsp;(3)<\/option>\n\t<option value='https:\/\/ff-waldbach.at\/wordpress\/?m=201606'> Juni 2016 &nbsp;(1)<\/option>\n\t<option value='https:\/\/ff-waldbach.at\/wordpress\/?m=201605'> Mai 2016 &nbsp;(4)<\/option>\n\t<option value='https:\/\/ff-waldbach.at\/wordpress\/?m=201603'> M\u00e4rz 2016 &nbsp;(4)<\/option>\n\t<option value='https:\/\/ff-waldbach.at\/wordpress\/?m=201602'> Februar 2016 &nbsp;(1)<\/option>\n\t<option value='https:\/\/ff-waldbach.at\/wordpress\/?m=201511'> November 2015 &nbsp;(4)<\/option>\n\t<option value='https:\/\/ff-waldbach.at\/wordpress\/?m=201510'> Oktober 2015 &nbsp;(3)<\/option>\n\t<option value='https:\/\/ff-waldbach.at\/wordpress\/?m=201509'> September 2015 &nbsp;(3)<\/option>\n\t<option value='https:\/\/ff-waldbach.at\/wordpress\/?m=201508'> August 2015 &nbsp;(2)<\/option>\n\t<option value='https:\/\/ff-waldbach.at\/wordpress\/?m=201507'> Juli 2015 &nbsp;(4)<\/option>\n\t<option value='https:\/\/ff-waldbach.at\/wordpress\/?m=201506'> Juni 2015 &nbsp;(3)<\/option>\n\t<option value='https:\/\/ff-waldbach.at\/wordpress\/?m=201505'> Mai 2015 &nbsp;(2)<\/option>\n\t<option value='https:\/\/ff-waldbach.at\/wordpress\/?m=201504'> April 2015 &nbsp;(4)<\/option>\n\t<option value='https:\/\/ff-waldbach.at\/wordpress\/?m=201503'> M\u00e4rz 2015 &nbsp;(2)<\/option>\n\t<option value='https:\/\/ff-waldbach.at\/wordpress\/?m=201502'> Februar 2015 &nbsp;(1)<\/option>\n\t<option value='https:\/\/ff-waldbach.at\/wordpress\/?m=201501'> Januar 2015 &nbsp;(2)<\/option>\n\t<option value='https:\/\/ff-waldbach.at\/wordpress\/?m=201411'> November 2014 &nbsp;(1)<\/option>\n\t<option value='https:\/\/ff-waldbach.at\/wordpress\/?m=201410'> Oktober 2014 &nbsp;(3)<\/option>\n\t<option value='https:\/\/ff-waldbach.at\/wordpress\/?m=201409'> September 2014 &nbsp;(4)<\/option>\n\t<option value='https:\/\/ff-waldbach.at\/wordpress\/?m=201408'> August 2014 &nbsp;(3)<\/option>\n\t<option value='https:\/\/ff-waldbach.at\/wordpress\/?m=201407'> Juli 2014 &nbsp;(3)<\/option>\n\t<option value='https:\/\/ff-waldbach.at\/wordpress\/?m=201406'> Juni 2014 &nbsp;(6)<\/option>\n\t<option value='https:\/\/ff-waldbach.at\/wordpress\/?m=201405'> Mai 2014 &nbsp;(5)<\/option>\n\t<option value='https:\/\/ff-waldbach.at\/wordpress\/?m=201404'> April 2014 &nbsp;(4)<\/option>\n\t<option value='https:\/\/ff-waldbach.at\/wordpress\/?m=201403'> M\u00e4rz 2014 &nbsp;(2)<\/option>\n\t<option value='https:\/\/ff-waldbach.at\/wordpress\/?m=201402'> Februar 2014 &nbsp;(5)<\/option>\n\t<option value='https:\/\/ff-waldbach.at\/wordpress\/?m=201401'> Januar 2014 &nbsp;(2)<\/option>\n\t<option value='https:\/\/ff-waldbach.at\/wordpress\/?m=201312'> Dezember 2013 &nbsp;(5)<\/option>\n\t<option value='https:\/\/ff-waldbach.at\/wordpress\/?m=201311'> November 2013 &nbsp;(4)<\/option>\n\t<option value='https:\/\/ff-waldbach.at\/wordpress\/?m=201310'> Oktober 2013 &nbsp;(3)<\/option>\n\t<option value='https:\/\/ff-waldbach.at\/wordpress\/?m=201309'> September 2013 &nbsp;(1)<\/option>\n<\/select><script type=\"text\/javascript\">\n\/* <![CDATA[ *\/\n( ( [ dropdownId, homeUrl ] ) => {\n\t\tconst dropdown = document.getElementById( dropdownId );\n\t\tfunction onSelectChange() {\n\t\t\tsetTimeout( () => {\n\t\t\t\tif ( 'escape' === dropdown.dataset.lastkey ) {\n\t\t\t\t\treturn;\n\t\t\t\t}\n\t\t\t\tif ( dropdown.value ) {\n\t\t\t\t\tlocation.href = dropdown.value;\n\t\t\t\t}\n\t\t\t}, 250 );\n\t\t}\n\t\tfunction onKeyUp( event ) {\n\t\t\tif ( 'Escape' === event.key ) {\n\t\t\t\tdropdown.dataset.lastkey = 'escape';\n\t\t\t} else {\n\t\t\t\tdelete dropdown.dataset.lastkey;\n\t\t\t}\n\t\t}\n\t\tfunction onClick() {\n\t\t\tdelete dropdown.dataset.lastkey;\n\t\t}\n\t\tdropdown.addEventListener( 'keyup', onKeyUp );\n\t\tdropdown.addEventListener( 'click', onClick );\n\t\tdropdown.addEventListener( 'change', onSelectChange );\n\t} )( [\"wp-block-archives-1\",\"https:\/\/ff-waldbach.at\/wordpress\"] );\n\/\/# sourceURL=block_core_archives_build_dropdown_script\n\/* ]]> *\/\n<\/script>\n<\/div>","protected":false},"excerpt":{"rendered":"","protected":false},"author":1,"featured_media":0,"parent":71,"menu_order":0,"comment_status":"closed","ping_status":"closed","template":"","meta":{"_coblocks_attr":"","_coblocks_dimensions":"","_coblocks_responsive_height":"","_coblocks_accordion_ie_support":"","footnotes":""},"class_list":["post-4128","page","type-page","status-publish","hentry","post"],"_links":{"self":[{"href":"https:\/\/ff-waldbach.at\/wordpress\/index.php?rest_route=\/wp\/v2\/pages\/4128","targetHints":{"allow":["GET"]}}],"collection":[{"href":"https:\/\/ff-waldbach.at\/wordpress\/index.php?rest_route=\/wp\/v2\/pages"}],"about":[{"href":"https:\/\/ff-waldbach.at\/wordpress\/index.php?rest_route=\/wp\/v2\/types\/page"}],"author":[{"embeddable":true,"href":"https:\/\/ff-waldbach.at\/wordpress\/index.php?rest_route=\/wp\/v2\/users\/1"}],"replies":[{"embeddable":true,"href":"https:\/\/ff-waldbach.at\/wordpress\/index.php?rest_route=%2Fwp%2Fv2%2Fcomments&post=4128"}],"version-history":[{"count":8,"href":"https:\/\/ff-waldbach.at\/wordpress\/index.php?rest_route=\/wp\/v2\/pages\/4128\/revisions"}],"predecessor-version":[{"id":4142,"href":"https:\/\/ff-waldbach.at\/wordpress\/index.php?rest_route=\/wp\/v2\/pages\/4128\/revisions\/4142"}],"up":[{"embeddable":true,"href":"https:\/\/ff-waldbach.at\/wordpress\/index.php?rest_route=\/wp\/v2\/pages\/71"}],"wp:attachment":[{"href":"https:\/\/ff-waldbach.at\/wordpress\/index.php?rest_route=%2Fwp%2Fv2%2Fmedia&parent=4128"}],"curies":[{"name":"wp","href":"https:\/\/api.w.org\/{rel}","templated":true}]}}