{"id":49,"date":"2013-09-30T13:23:30","date_gmt":"2013-09-30T13:23:30","guid":{"rendered":"http:\/\/udmc.org\/ff-waldbach\/wordpress\/?page_id=2"},"modified":"2025-03-14T08:34:14","modified_gmt":"2025-03-14T06:34:14","slug":"beispiel-seite-2","status":"publish","type":"page","link":"https:\/\/ff-waldbach.at\/wordpress\/?page_id=49","title":{"rendered":"Fahrzeuge"},"content":{"rendered":"<p><a href=\"https:\/\/ff-waldbach.at\/wordpress\/wp-content\/uploads\/2013\/09\/624A94441.jpg\"><img loading=\"lazy\" decoding=\"async\" class=\"alignleft size-medium wp-image-11\" src=\"https:\/\/ff-waldbach.at\/wordpress\/wp-content\/uploads\/2013\/09\/624A94441-300x200.jpg\" alt=\"624A9444\" width=\"300\" height=\"200\" srcset=\"https:\/\/ff-waldbach.at\/wordpress\/wp-content\/uploads\/2013\/09\/624A94441-300x200.jpg 300w, https:\/\/ff-waldbach.at\/wordpress\/wp-content\/uploads\/2013\/09\/624A94441.jpg 640w\" sizes=\"auto, (max-width: 300px) 100vw, 300px\" \/><\/a><\/p>\n<p>\u00a0<\/p>\n<p>\u00a0<\/p>\n<p>\u00a0<\/p>\n<p>\u00a0<\/p>\n<p>\u00a0<\/p>\n<p><strong>TLF- A 3000\u00a0<\/strong><\/p>\n<p>Tankl\u00f6schfahrzeug mit Allrad und 3000 Liter L\u00f6schwassertank<\/p>\n<p>Zweck: Brandbek\u00e4mpfung<\/p>\n<p>Type: Mercedes Atego 1629<\/p>\n<p>Baujahr: 2009<\/p>\n<p>Leistung 210 kw<\/p>\n<p>Gesamtgewicht: 16000 kg<\/p>\n<p>Besatzung: 1:6<\/p>\n<p>Zu den weiteren Ausr\u00fcstungsgegenst\u00e4nden z\u00e4hlen: eine Schnellangriffs-Einrichtung f\u00fcr Schaum. Weiters 3 Atemschutzger\u00e4te, einen 13 kVA Stromerzeuger und einen Lichtmast zur Ausleuchtung der Einsatzstelle.<\/p>\n<p>\u00a0<\/p>\n<p>\u00a0<\/p>\n<p><a href=\"https:\/\/ff-waldbach.at\/wordpress\/wp-content\/uploads\/2013\/09\/624A94391.jpg\"><img loading=\"lazy\" decoding=\"async\" class=\"alignleft size-medium wp-image-10\" src=\"https:\/\/ff-waldbach.at\/wordpress\/wp-content\/uploads\/2013\/09\/624A94391-300x200.jpg\" alt=\"624A9439\" width=\"325\" height=\"221\" \/><\/a><\/p>\n<p>\u00a0<\/p>\n<p>\u00a0<\/p>\n<p>\u00a0<\/p>\n<p>\u00a0<\/p>\n<p>\u00a0<\/p>\n<p>\u00a0<\/p>\n<p><strong>LFB-A<\/strong><\/p>\n<p>L\u00f6schfahrzeug mit Bergeausr\u00fcstung und Allrad<\/p>\n<p>Zweck: Kombiniertes Fahrzeug f\u00fcr Brand- und Technischen Eins\u00e4tze<\/p>\n<p>Type: Steyer 10 S 18<\/p>\n<p>Baujahr: 1992<\/p>\n<p>Leistung: 134 kw<\/p>\n<p>Gesamtgewicht: 10700 kg<\/p>\n<p>Besatzung: 1:8<\/p>\n<p>Zu den weiteren Ausr\u00fcstungsgegenst\u00e4nden z\u00e4hlen: ein hydraulischer Rettungssatz (Schere, Spreizer und Zylinder), 5 Tonnen Seilwinde, einen 20 kVA Einbaugenerator, Greifzug und einen Lichtmast zur Ausleuchtung der Einsatzstelle.<\/p>\n<p>\u00a0<\/p>\n<p>\u00a0<\/p>\n<p><a href=\"https:\/\/ff-waldbach.at\/wordpress\/wp-content\/uploads\/2013\/10\/PICT0017.jpg\"><img loading=\"lazy\" decoding=\"async\" class=\"alignleft size-medium wp-image-365\" src=\"https:\/\/ff-waldbach.at\/wordpress\/wp-content\/uploads\/2013\/10\/PICT0017-300x199.jpg\" alt=\"KONICA MINOLTA DIGITAL CAMERA\" width=\"300\" height=\"199\" srcset=\"https:\/\/ff-waldbach.at\/wordpress\/wp-content\/uploads\/2013\/10\/PICT0017-300x199.jpg 300w, https:\/\/ff-waldbach.at\/wordpress\/wp-content\/uploads\/2013\/10\/PICT0017-450x300.jpg 450w, https:\/\/ff-waldbach.at\/wordpress\/wp-content\/uploads\/2013\/10\/PICT0017.jpg 640w\" sizes=\"auto, (max-width: 300px) 100vw, 300px\" \/><\/a><\/p>\n<p>\u00a0<\/p>\n<p>\u00a0<\/p>\n<p>\u00a0<\/p>\n<p>\u00a0<\/p>\n<p>\u00a0<\/p>\n<p>\u00a0<\/p>\n<p><strong>MTF-A<\/strong><\/p>\n<p>Mannschaftstransportfahrzeug mit Allrad<\/p>\n<p>Type: VW T5 TDI 4-Motion<\/p>\n<p>Baujahr: 2013<\/p>\n<p>Leistung: 103 kw<\/p>\n<p>Besatzung: 1:8<\/p>\n\n\n<p><\/p>\n","protected":false},"excerpt":{"rendered":"<p>\u00a0 \u00a0 \u00a0 \u00a0 \u00a0 TLF- A 3000\u00a0 Tankl\u00f6schfahrzeug mit Allrad und 3000 Liter L\u00f6schwassertank Zweck: Brandbek\u00e4mpfung Type: Mercedes Atego [&hellip;]<\/p>\n","protected":false},"author":1,"featured_media":0,"parent":77,"menu_order":0,"comment_status":"open","ping_status":"open","template":"","meta":{"_coblocks_attr":"","_coblocks_dimensions":"","_coblocks_responsive_height":"","_coblocks_accordion_ie_support":"","footnotes":""},"class_list":["post-49","page","type-page","status-publish","hentry","post"],"_links":{"self":[{"href":"https:\/\/ff-waldbach.at\/wordpress\/index.php?rest_route=\/wp\/v2\/pages\/49","targetHints":{"allow":["GET"]}}],"collection":[{"href":"https:\/\/ff-waldbach.at\/wordpress\/index.php?rest_route=\/wp\/v2\/pages"}],"about":[{"href":"https:\/\/ff-waldbach.at\/wordpress\/index.php?rest_route=\/wp\/v2\/types\/page"}],"author":[{"embeddable":true,"href":"https:\/\/ff-waldbach.at\/wordpress\/index.php?rest_route=\/wp\/v2\/users\/1"}],"replies":[{"embeddable":true,"href":"https:\/\/ff-waldbach.at\/wordpress\/index.php?rest_route=%2Fwp%2Fv2%2Fcomments&post=49"}],"version-history":[{"count":7,"href":"https:\/\/ff-waldbach.at\/wordpress\/index.php?rest_route=\/wp\/v2\/pages\/49\/revisions"}],"predecessor-version":[{"id":4007,"href":"https:\/\/ff-waldbach.at\/wordpress\/index.php?rest_route=\/wp\/v2\/pages\/49\/revisions\/4007"}],"up":[{"embeddable":true,"href":"https:\/\/ff-waldbach.at\/wordpress\/index.php?rest_route=\/wp\/v2\/pages\/77"}],"wp:attachment":[{"href":"https:\/\/ff-waldbach.at\/wordpress\/index.php?rest_route=%2Fwp%2Fv2%2Fmedia&parent=49"}],"curies":[{"name":"wp","href":"https:\/\/api.w.org\/{rel}","templated":true}]}}