{"id":77,"date":"2013-10-25T14:45:53","date_gmt":"2013-10-25T12:45:53","guid":{"rendered":"http:\/\/ff-waldbach.at\/wordpress\/?page_id=77"},"modified":"2014-01-08T18:22:07","modified_gmt":"2014-01-08T16:22:07","slug":"ausruestung","status":"publish","type":"page","link":"https:\/\/ff-waldbach.at\/wordpress\/?page_id=77","title":{"rendered":"R\u00fcsthaus"},"content":{"rendered":"<p>Mit der Errichtung des dritten R\u00fcsthauses wurde am 24. November 1997 unter der F\u00fchrung von HBI Josef Mayer begonnen.<br \/>\nAm 22. August 1999 wurde das R\u00fcsthaus offiziell seiner Bestimmung \u00fcbergeben.<\/p>\n<p><a href=\"https:\/\/ff-waldbach.at\/wordpress\/wp-content\/uploads\/2013\/10\/624A9427.jpg\"><img loading=\"lazy\" decoding=\"async\" class=\"alignleft size-medium wp-image-366\" alt=\"624A9427\" src=\"https:\/\/ff-waldbach.at\/wordpress\/wp-content\/uploads\/2013\/10\/624A9427-300x200.jpg\" width=\"300\" height=\"200\" srcset=\"https:\/\/ff-waldbach.at\/wordpress\/wp-content\/uploads\/2013\/10\/624A9427-300x200.jpg 300w, https:\/\/ff-waldbach.at\/wordpress\/wp-content\/uploads\/2013\/10\/624A9427-449x300.jpg 449w, https:\/\/ff-waldbach.at\/wordpress\/wp-content\/uploads\/2013\/10\/624A9427.jpg 640w\" sizes=\"auto, (max-width: 300px) 100vw, 300px\" \/><\/a><\/p>\n<p>&nbsp;<\/p>\n<p>&nbsp;<\/p>\n<p>&nbsp;<\/p>\n<p>&nbsp;<\/p>\n<p>&nbsp;<\/p>\n<p>&nbsp;<\/p>\n<p>B\u00fcro und Kommandoraum<\/p>\n<p><a href=\"https:\/\/ff-waldbach.at\/wordpress\/wp-content\/uploads\/2013\/10\/PICT00022.jpg\"><img loading=\"lazy\" decoding=\"async\" class=\"alignleft size-medium wp-image-367\" alt=\"KONICA MINOLTA DIGITAL CAMERA\" src=\"https:\/\/ff-waldbach.at\/wordpress\/wp-content\/uploads\/2013\/10\/PICT00022-300x199.jpg\" width=\"300\" height=\"199\" srcset=\"https:\/\/ff-waldbach.at\/wordpress\/wp-content\/uploads\/2013\/10\/PICT00022-300x199.jpg 300w, https:\/\/ff-waldbach.at\/wordpress\/wp-content\/uploads\/2013\/10\/PICT00022-450x300.jpg 450w, https:\/\/ff-waldbach.at\/wordpress\/wp-content\/uploads\/2013\/10\/PICT00022.jpg 640w\" sizes=\"auto, (max-width: 300px) 100vw, 300px\" \/><\/a><\/p>\n<p>&nbsp;<\/p>\n<p>&nbsp;<\/p>\n<p>&nbsp;<\/p>\n<p>&nbsp;<\/p>\n<p>&nbsp;<\/p>\n<p>&nbsp;<\/p>\n<p>Schulungsraum<\/p>\n<p><a href=\"https:\/\/ff-waldbach.at\/wordpress\/wp-content\/uploads\/2013\/10\/PICT0012.jpg\"><img loading=\"lazy\" decoding=\"async\" class=\"alignleft size-medium wp-image-370\" alt=\"KONICA MINOLTA DIGITAL CAMERA\" src=\"https:\/\/ff-waldbach.at\/wordpress\/wp-content\/uploads\/2013\/10\/PICT0012-300x199.jpg\" width=\"300\" height=\"199\" srcset=\"https:\/\/ff-waldbach.at\/wordpress\/wp-content\/uploads\/2013\/10\/PICT0012-300x199.jpg 300w, https:\/\/ff-waldbach.at\/wordpress\/wp-content\/uploads\/2013\/10\/PICT0012-450x300.jpg 450w, https:\/\/ff-waldbach.at\/wordpress\/wp-content\/uploads\/2013\/10\/PICT0012.jpg 640w\" sizes=\"auto, (max-width: 300px) 100vw, 300px\" \/><\/a><\/p>\n<p>&nbsp;<\/p>\n<p>&nbsp;<\/p>\n<p>&nbsp;<\/p>\n<p>&nbsp;<\/p>\n<p>&nbsp;<\/p>\n<p>&nbsp;<\/p>\n<p>K\u00fcche<\/p>\n<p><a href=\"https:\/\/ff-waldbach.at\/wordpress\/wp-content\/uploads\/2013\/10\/PICT0013.jpg\"><img loading=\"lazy\" decoding=\"async\" class=\"alignleft size-medium wp-image-371\" alt=\"KONICA MINOLTA DIGITAL CAMERA\" src=\"https:\/\/ff-waldbach.at\/wordpress\/wp-content\/uploads\/2013\/10\/PICT0013-300x199.jpg\" width=\"300\" height=\"199\" srcset=\"https:\/\/ff-waldbach.at\/wordpress\/wp-content\/uploads\/2013\/10\/PICT0013-300x199.jpg 300w, https:\/\/ff-waldbach.at\/wordpress\/wp-content\/uploads\/2013\/10\/PICT0013-450x300.jpg 450w, https:\/\/ff-waldbach.at\/wordpress\/wp-content\/uploads\/2013\/10\/PICT0013.jpg 640w\" sizes=\"auto, (max-width: 300px) 100vw, 300px\" \/><\/a><\/p>\n<p>&nbsp;<\/p>\n<p>&nbsp;<\/p>\n<p>&nbsp;<\/p>\n<p>&nbsp;<\/p>\n<p>&nbsp;<\/p>\n<p>&nbsp;<\/p>\n<p>Umkleideraum<\/p>\n<p><a href=\"https:\/\/ff-waldbach.at\/wordpress\/wp-content\/uploads\/2013\/10\/PICT0014.jpg\"><img loading=\"lazy\" decoding=\"async\" class=\"alignleft size-medium wp-image-372\" alt=\"KONICA MINOLTA DIGITAL CAMERA\" src=\"https:\/\/ff-waldbach.at\/wordpress\/wp-content\/uploads\/2013\/10\/PICT0014-199x300.jpg\" width=\"199\" height=\"300\" srcset=\"https:\/\/ff-waldbach.at\/wordpress\/wp-content\/uploads\/2013\/10\/PICT0014-199x300.jpg 199w, https:\/\/ff-waldbach.at\/wordpress\/wp-content\/uploads\/2013\/10\/PICT0014.jpg 319w\" sizes=\"auto, (max-width: 199px) 100vw, 199px\" \/><\/a><\/p>\n<p>&nbsp;<\/p>\n<p>&nbsp;<\/p>\n<p>&nbsp;<\/p>\n<p>&nbsp;<\/p>\n<p>&nbsp;<\/p>\n<p>&nbsp;<\/p>\n<p>&nbsp;<\/p>\n<p>&nbsp;<\/p>\n<p>Atemschutzwerkstatt<\/p>\n<p><a href=\"https:\/\/ff-waldbach.at\/wordpress\/wp-content\/uploads\/2013\/10\/PICT0003.jpg\"><img loading=\"lazy\" decoding=\"async\" class=\"alignleft size-medium wp-image-368\" alt=\"KONICA MINOLTA DIGITAL CAMERA\" src=\"https:\/\/ff-waldbach.at\/wordpress\/wp-content\/uploads\/2013\/10\/PICT0003-300x199.jpg\" width=\"300\" height=\"199\" srcset=\"https:\/\/ff-waldbach.at\/wordpress\/wp-content\/uploads\/2013\/10\/PICT0003-300x199.jpg 300w, https:\/\/ff-waldbach.at\/wordpress\/wp-content\/uploads\/2013\/10\/PICT0003-450x300.jpg 450w, https:\/\/ff-waldbach.at\/wordpress\/wp-content\/uploads\/2013\/10\/PICT0003.jpg 640w\" sizes=\"auto, (max-width: 300px) 100vw, 300px\" \/><\/a><\/p>\n<p>&nbsp;<\/p>\n<p>&nbsp;<\/p>\n<p>&nbsp;<\/p>\n<p>&nbsp;<\/p>\n<p>&nbsp;<\/p>\n<p>&nbsp;<\/p>\n<p>Werkstatt<\/p>\n<p><a href=\"https:\/\/ff-waldbach.at\/wordpress\/wp-content\/uploads\/2013\/10\/PICT0005.jpg\"><img loading=\"lazy\" decoding=\"async\" class=\"alignleft size-medium wp-image-369\" alt=\"KONICA MINOLTA DIGITAL CAMERA\" src=\"https:\/\/ff-waldbach.at\/wordpress\/wp-content\/uploads\/2013\/10\/PICT0005-300x199.jpg\" width=\"300\" height=\"199\" srcset=\"https:\/\/ff-waldbach.at\/wordpress\/wp-content\/uploads\/2013\/10\/PICT0005-300x199.jpg 300w, https:\/\/ff-waldbach.at\/wordpress\/wp-content\/uploads\/2013\/10\/PICT0005-450x300.jpg 450w, https:\/\/ff-waldbach.at\/wordpress\/wp-content\/uploads\/2013\/10\/PICT0005.jpg 640w\" sizes=\"auto, (max-width: 300px) 100vw, 300px\" \/><\/a><\/p>\n<p>&nbsp;<\/p>\n<p>&nbsp;<\/p>\n<p>&nbsp;<\/p>\n<p>&nbsp;<\/p>\n<p>&nbsp;<\/p>\n<p>&nbsp;<\/p>\n","protected":false},"excerpt":{"rendered":"<p>Mit der Errichtung des dritten R\u00fcsthauses wurde am 24. November 1997 unter der F\u00fchrung von HBI Josef Mayer begonnen. Am [&hellip;]<\/p>\n","protected":false},"author":1,"featured_media":0,"parent":0,"menu_order":0,"comment_status":"closed","ping_status":"closed","template":"","meta":{"_coblocks_attr":"","_coblocks_dimensions":"","_coblocks_responsive_height":"","_coblocks_accordion_ie_support":"","footnotes":""},"class_list":["post-77","page","type-page","status-publish","hentry","post"],"_links":{"self":[{"href":"https:\/\/ff-waldbach.at\/wordpress\/index.php?rest_route=\/wp\/v2\/pages\/77","targetHints":{"allow":["GET"]}}],"collection":[{"href":"https:\/\/ff-waldbach.at\/wordpress\/index.php?rest_route=\/wp\/v2\/pages"}],"about":[{"href":"https:\/\/ff-waldbach.at\/wordpress\/index.php?rest_route=\/wp\/v2\/types\/page"}],"author":[{"embeddable":true,"href":"https:\/\/ff-waldbach.at\/wordpress\/index.php?rest_route=\/wp\/v2\/users\/1"}],"replies":[{"embeddable":true,"href":"https:\/\/ff-waldbach.at\/wordpress\/index.php?rest_route=%2Fwp%2Fv2%2Fcomments&post=77"}],"version-history":[{"count":5,"href":"https:\/\/ff-waldbach.at\/wordpress\/index.php?rest_route=\/wp\/v2\/pages\/77\/revisions"}],"predecessor-version":[{"id":374,"href":"https:\/\/ff-waldbach.at\/wordpress\/index.php?rest_route=\/wp\/v2\/pages\/77\/revisions\/374"}],"wp:attachment":[{"href":"https:\/\/ff-waldbach.at\/wordpress\/index.php?rest_route=%2Fwp%2Fv2%2Fmedia&parent=77"}],"curies":[{"name":"wp","href":"https:\/\/api.w.org\/{rel}","templated":true}]}}